{"id":3359,"date":"2025-12-19T21:18:38","date_gmt":"2025-12-19T21:18:38","guid":{"rendered":"https:\/\/taschereaumotors.com\/?page_id=3359"},"modified":"2025-12-28T02:23:29","modified_gmt":"2025-12-28T02:23:29","slug":"rechercher-une-auto","status":"publish","type":"page","link":"https:\/\/taschereaumotors.com\/en\/rechercher-une-auto\/","title":{"rendered":"Search for a car"},"content":{"rendered":"<section class=\"bde-section-3359-100 bde-section\">\n  \n  \n\t\n\n\n\n<div class=\"section-container\"><div class=\"bde-columns-3359-102 bde-columns\"><div class=\"bde-column-3359-103 bde-column\">\n  \n  \n\t\n\n\n\n<h1 class=\"bde-heading-3359-105 bde-heading\">\nCan't find the car you're looking for?\n<\/h1>\n<\/div><div class=\"bde-column-3359-104 bde-column\">\n  \n  \n\t\n\n\n\n<div class=\"bde-text-3359-106 bde-text\">\nAt Taschereau Motors, we do the work for you. Our team is dedicated to finding the ideal vehicle according to your criteria and preferences. Simplify your buying experience by letting us find the perfect car for you.\n<\/div>\n<\/div><\/div><img decoding=\"async\" class=\"bde-image2-3359-107 bde-image2\" src=\"https:\/\/taschereaumotors.com\/\/wp-content\/uploads\/2025\/12\/man-woman-car-showroom-using-tablet-scaled.jpg\" loading=\"lazy\" srcset=\"https:\/\/taschereaumotors.com\/\/wp-content\/uploads\/2025\/12\/man-woman-car-showroom-using-tablet-scaled.jpg 2560w, https:\/\/taschereaumotors.com\/\/wp-content\/uploads\/2025\/12\/man-woman-car-showroom-using-tablet-300x200.jpg 300w, https:\/\/taschereaumotors.com\/\/wp-content\/uploads\/2025\/12\/man-woman-car-showroom-using-tablet-1024x683.jpg 1024w, https:\/\/taschereaumotors.com\/\/wp-content\/uploads\/2025\/12\/man-woman-car-showroom-using-tablet-768x512.jpg 768w, https:\/\/taschereaumotors.com\/\/wp-content\/uploads\/2025\/12\/man-woman-car-showroom-using-tablet-1536x1024.jpg 1536w, https:\/\/taschereaumotors.com\/\/wp-content\/uploads\/2025\/12\/man-woman-car-showroom-using-tablet-2048x1365.jpg 2048w, https:\/\/taschereaumotors.com\/\/wp-content\/uploads\/2025\/12\/man-woman-car-showroom-using-tablet-18x12.jpg 18w\" sizes=\"(max-width: 2560px) 100vw, 2560px\"><\/div>\n<\/section><section class=\"bde-section-3359-108 bde-section\">\n  \n  \n\t\n\n\n\n<div class=\"section-container\"><div class=\"bde-columns-3359-112 bde-columns\"><div class=\"bde-column-3359-113 bde-column\">\n  \n  \n\t\n\n\n\n<h1 class=\"bde-heading-3359-111 bde-heading\">\nCar search form\n<\/h1><div class=\"bde-text-3359-115 bde-text\">\nFill out our form so that our team can offer you the best options available. Find your ideal car with Taschereau Motors!\n<\/div>\n<\/div><div class=\"bde-column-3359-114 bde-column\">\n  \n  \n\t\n\n\n\n<div class=\"bde-form-builder-3359-109 bde-form-builder\">\n\n<form id=\"recherche-dauto109\" class=\"breakdance-form breakdance-form--vertical\" data-options=\"{&quot;slug&quot;:&quot;custom&quot;,&quot;name&quot;:&quot;Recherche d&#039;auto&quot;,&quot;ajaxUrl&quot;:&quot;https:\\\/\\\/taschereaumotors.com\\\/wp-admin\\\/admin-ajax.php&quot;,&quot;clearOnSuccess&quot;:true,&quot;hideOnSuccess&quot;:false,&quot;successMessage&quot;:&quot;Merci, votre message a bien \\u00e9t\\u00e9 re\\u00e7u par Taschereau Motors!&quot;,&quot;errorMessage&quot;:&quot;Une erreur s&#039;est produite&quot;,&quot;redirect&quot;:false,&quot;redirectUrl&quot;:&quot;&quot;,&quot;customJavaScript&quot;:&quot;&quot;,&quot;recaptcha&quot;:{&quot;key&quot;:&quot;6LePYjQsAAAAACQQV02oRihTSvU0UPdF3TJD4TkZ&quot;,&quot;enabled&quot;:true},&quot;honeypot_enabled&quot;:true,&quot;popupsOnSuccess&quot;:[],&quot;popupsOnError&quot;:[]}\" data-steps=\"0\" action=\"\" >\n  \n  \n  \n<div class=\"breakdance-form-field breakdance-form-field--text\" >\n    \n    \n            <label class=\"breakdance-form-field__label\" for=\"name\">\n            Name<span class=\"breakdance-form-field__required\">*<\/span>\n        <\/label>\n    \n    <input\n    class=\"breakdance-form-field__input\"\n    id=\"name\"\n    aria-describedby=\"name\"\n    type=\"text\"\n    name=\"fields[name]\"\n    placeholder=\"Name\"\n    value=\"\"\n                \n        \n        \n    required\n>\n\n\n    \n    \n<\/div>\n\n\n<div class=\"breakdance-form-field breakdance-form-field--text\" >\n    \n    \n            <label class=\"breakdance-form-field__label\" for=\"phone\">\n            Phone<span class=\"breakdance-form-field__required\">*<\/span>\n        <\/label>\n    \n    <input\n    class=\"breakdance-form-field__input\"\n    id=\"phone\"\n    aria-describedby=\"phone\"\n    type=\"text\"\n    name=\"fields[phone]\"\n    placeholder=\"Phone\"\n    value=\"\"\n                \n        \n        \n    required\n data-maska=\"###-###-####\"\n>\n\n\n    \n    \n<\/div>\n\n\n<div class=\"breakdance-form-field breakdance-form-field--email\" >\n    \n    \n            <label class=\"breakdance-form-field__label\" for=\"advzoe\">\n            Email\n        <\/label>\n    \n    <input\n    class=\"breakdance-form-field__input\"\n    id=\"advzoe\"\n    aria-describedby=\"advzoe\"\n    type=\"email\"\n    name=\"fields[advzoe]\"\n    placeholder=\"Email (optional)\"\n    value=\"\"\n                \n        \n        \n    \n    \n    \n    \n>\n\n\n    \n    \n<\/div>\n\n\n<div class=\"breakdance-form-field breakdance-form-field--textarea\" >\n    \n    \n            <label class=\"breakdance-form-field__label\" for=\"message\">\n            Voiture<span class=\"breakdance-form-field__required\">*<\/span>\n        <\/label>\n    \n    <textarea\n    class=\"breakdance-form-field__input\"\n    id=\"message\"\n    aria-describedby=\"message\"\n    type=\"textarea\"\n    name=\"fields[message]\"\n        placeholder=\"Describe your desired vehicle (model name, year, ideal mileage, etc.). Give as much detail as possible.\"\n    required\n>\n<\/textarea>\n\n\n    \n    \n<\/div>\n\n\n<div class=\"breakdance-form-field breakdance-form-field--hpinput\" >\n    \n    \n            <label class=\"breakdance-form-field__label\" for=\"hpname\">\n            HP Name\n        <\/label>\n    \n    <input\n    class=\"breakdance-form-field__input\"\n    id=\"hpname\"\n    aria-describedby=\"hpname\"\n    type=\"hpinput\"\n    name=\"fields[hpname]\"\n    placeholder=\"\"\n    value=\"\"\n                \n        \n        \n    \n    autocomplete=\"off\"\n    tabindex=\"-1\"\n    \n>\n\n\n    \n    \n<\/div>\n\n\n<div class=\"breakdance-form-field breakdance-form-field--hidden\" >\n    \n    \n    \n    <input\n    id=\"csrf-token-109\"\n    type=\"hidden\"\n    name=\"fields[csrfToken]\"\n    value=\"1d5e05ad6f\"\n    >\n\n\n    \n    \n<\/div>\n\n\n  \n\n<div class=\"breakdance-form-field breakdance-form-footer\">\n    \n    \n                                    \n    \n    \n    \n    \n            \n            <button type=\"submit\" class=\"button-atom button-atom--primary breakdance-form-button breakdance-form-button__submit\"  >\n    \n        <span class=\"button-atom__text\">Submit<\/span>\n\n        \n        \n            <\/button>\n    \n    <input type=\"hidden\" name=\"form_id\" value=\"109\">\n    <input type=\"hidden\" name=\"post_id\" value=\"3359\">\n<\/div>\n\n  \n<input type=\"hidden\" name=\"trp-form-language\" value=\"en\"\/><\/form>\n\n\n<\/div>\n<\/div><\/div><\/div>\n<\/section>","protected":false},"excerpt":{"rendered":"<p>Vous ne trouvez pas l&rsquo;auto que vous recherchez ? Chez Taschereau Motors, nous faisons le travail pour vous. Notre \u00e9quipe se consacre \u00e0 la recherche du v\u00e9hicule id\u00e9al selon vos crit\u00e8res et pr\u00e9f\u00e9rences. Simplifiez votre exp\u00e9rience d\u2019achat en nous laissant trouver l&rsquo;auto parfaite pour vous. Formulaire de recherche d&rsquo;auto Remplissez notre formulaire pour que notre [&hellip;]<\/p>","protected":false},"author":1,"featured_media":3394,"parent":0,"menu_order":0,"comment_status":"closed","ping_status":"closed","template":"","meta":{"_breakdance_hide_in_design_set":false,"_breakdance_tags":"","footnotes":""},"class_list":["post-3359","page","type-page","status-publish","has-post-thumbnail","hentry"],"acf":[],"yoast_head":"<!-- This site is optimized with the Yoast SEO plugin v26.6 - https:\/\/yoast.com\/wordpress\/plugins\/seo\/ -->\n<title>Rechercher une voiture usag\u00e9e | Taschereau Motors<\/title>\n<meta name=\"description\" content=\"Parcourez notre inventaire de voitures usag\u00e9es inspect\u00e9es. Trouvez le v\u00e9hicule id\u00e9al chez Taschereau Motors au Qu\u00e9bec.\" \/>\n<meta name=\"robots\" content=\"index, follow, max-snippet:-1, max-image-preview:large, max-video-preview:-1\" \/>\n<link rel=\"canonical\" href=\"https:\/\/taschereaumotors.com\/en\/rechercher-une-auto\/\" \/>\n<meta property=\"og:locale\" content=\"en_US\" \/>\n<meta property=\"og:type\" content=\"article\" \/>\n<meta property=\"og:title\" content=\"Rechercher une voiture usag\u00e9e | Taschereau Motors\" \/>\n<meta property=\"og:description\" content=\"Parcourez notre inventaire de voitures usag\u00e9es inspect\u00e9es. Trouvez le v\u00e9hicule id\u00e9al chez Taschereau Motors au Qu\u00e9bec.\" \/>\n<meta property=\"og:url\" content=\"https:\/\/taschereaumotors.com\/en\/rechercher-une-auto\/\" \/>\n<meta property=\"og:site_name\" content=\"Taschereau Motors\" \/>\n<meta property=\"article:publisher\" content=\"https:\/\/www.facebook.com\/p\/Taschereau-Motors-61569135128958\/?locale=fr_CA\" \/>\n<meta property=\"article:modified_time\" content=\"2025-12-28T02:23:29+00:00\" \/>\n<meta property=\"og:image\" content=\"https:\/\/taschereaumotors.com\/wp-content\/uploads\/2025\/12\/taschereau-motors.webp\" \/>\n\t<meta property=\"og:image:width\" content=\"680\" \/>\n\t<meta property=\"og:image:height\" content=\"510\" \/>\n\t<meta property=\"og:image:type\" content=\"image\/webp\" \/>\n<meta name=\"twitter:card\" content=\"summary_large_image\" \/>\n<meta name=\"twitter:label1\" content=\"Est. reading time\" \/>\n\t<meta name=\"twitter:data1\" content=\"1 minute\" \/>\n<script type=\"application\/ld+json\" class=\"yoast-schema-graph\">{\"@context\":\"https:\/\/schema.org\",\"@graph\":[{\"@type\":\"WebPage\",\"@id\":\"https:\/\/taschereaumotors.com\/rechercher-une-auto\/\",\"url\":\"https:\/\/taschereaumotors.com\/rechercher-une-auto\/\",\"name\":\"Rechercher une voiture usag\u00e9e | Taschereau Motors\",\"isPartOf\":{\"@id\":\"https:\/\/taschereaumotors.com\/#website\"},\"primaryImageOfPage\":{\"@id\":\"https:\/\/taschereaumotors.com\/rechercher-une-auto\/#primaryimage\"},\"image\":{\"@id\":\"https:\/\/taschereaumotors.com\/rechercher-une-auto\/#primaryimage\"},\"thumbnailUrl\":\"https:\/\/taschereaumotors.com\/wp-content\/uploads\/2025\/12\/taschereau-motors.webp\",\"datePublished\":\"2025-12-19T21:18:38+00:00\",\"dateModified\":\"2025-12-28T02:23:29+00:00\",\"description\":\"Parcourez notre inventaire de voitures usag\u00e9es inspect\u00e9es. Trouvez le v\u00e9hicule id\u00e9al chez Taschereau Motors au Qu\u00e9bec.\",\"breadcrumb\":{\"@id\":\"https:\/\/taschereaumotors.com\/rechercher-une-auto\/#breadcrumb\"},\"inLanguage\":\"en-CA\",\"potentialAction\":[{\"@type\":\"ReadAction\",\"target\":[\"https:\/\/taschereaumotors.com\/rechercher-une-auto\/\"]}]},{\"@type\":\"ImageObject\",\"inLanguage\":\"en-CA\",\"@id\":\"https:\/\/taschereaumotors.com\/rechercher-une-auto\/#primaryimage\",\"url\":\"https:\/\/taschereaumotors.com\/wp-content\/uploads\/2025\/12\/taschereau-motors.webp\",\"contentUrl\":\"https:\/\/taschereaumotors.com\/wp-content\/uploads\/2025\/12\/taschereau-motors.webp\",\"width\":680,\"height\":510,\"caption\":\"Livraison de voiture chez Taschereau Moteurs, deux hommes sourient.\"},{\"@type\":\"BreadcrumbList\",\"@id\":\"https:\/\/taschereaumotors.com\/rechercher-une-auto\/#breadcrumb\",\"itemListElement\":[{\"@type\":\"ListItem\",\"position\":1,\"name\":\"Accueil\",\"item\":\"https:\/\/taschereaumotors.com\/\"},{\"@type\":\"ListItem\",\"position\":2,\"name\":\"Rechercher une auto\"}]},{\"@type\":\"WebSite\",\"@id\":\"https:\/\/taschereaumotors.com\/#website\",\"url\":\"https:\/\/taschereaumotors.com\/\",\"name\":\"Taschereau Motors\",\"description\":\"Votre concessionnaire automobile de confiance\",\"publisher\":{\"@id\":\"https:\/\/taschereaumotors.com\/#organization\"},\"potentialAction\":[{\"@type\":\"SearchAction\",\"target\":{\"@type\":\"EntryPoint\",\"urlTemplate\":\"https:\/\/taschereaumotors.com\/?s={search_term_string}\"},\"query-input\":{\"@type\":\"PropertyValueSpecification\",\"valueRequired\":true,\"valueName\":\"search_term_string\"}}],\"inLanguage\":\"en-CA\"},{\"@type\":\"Organization\",\"@id\":\"https:\/\/taschereaumotors.com\/#organization\",\"name\":\"Taschereau Motors\",\"url\":\"https:\/\/taschereaumotors.com\/\",\"logo\":{\"@type\":\"ImageObject\",\"inLanguage\":\"en-CA\",\"@id\":\"https:\/\/taschereaumotors.com\/#\/schema\/logo\/image\/\",\"url\":\"https:\/\/taschereaumotors.com\/wp-content\/uploads\/2025\/12\/logo-taschereau-motors.png\",\"contentUrl\":\"https:\/\/taschereaumotors.com\/wp-content\/uploads\/2025\/12\/logo-taschereau-motors.png\",\"width\":600,\"height\":600,\"caption\":\"Taschereau Motors\"},\"image\":{\"@id\":\"https:\/\/taschereaumotors.com\/#\/schema\/logo\/image\/\"},\"sameAs\":[\"https:\/\/www.facebook.com\/p\/Taschereau-Motors-61569135128958\/?locale=fr_CA\",\"https:\/\/www.instagram.com\/taschereaumotors\/\"]}]}<\/script>\n<!-- \/ Yoast SEO plugin. -->","yoast_head_json":{"title":"Rechercher une voiture usag\u00e9e | Taschereau Motors","description":"Parcourez notre inventaire de voitures usag\u00e9es inspect\u00e9es. Trouvez le v\u00e9hicule id\u00e9al chez Taschereau Motors au Qu\u00e9bec.","robots":{"index":"index","follow":"follow","max-snippet":"max-snippet:-1","max-image-preview":"max-image-preview:large","max-video-preview":"max-video-preview:-1"},"canonical":"https:\/\/taschereaumotors.com\/en\/rechercher-une-auto\/","og_locale":"en_US","og_type":"article","og_title":"Rechercher une voiture usag\u00e9e | Taschereau Motors","og_description":"Parcourez notre inventaire de voitures usag\u00e9es inspect\u00e9es. Trouvez le v\u00e9hicule id\u00e9al chez Taschereau Motors au Qu\u00e9bec.","og_url":"https:\/\/taschereaumotors.com\/en\/rechercher-une-auto\/","og_site_name":"Taschereau Motors","article_publisher":"https:\/\/www.facebook.com\/p\/Taschereau-Motors-61569135128958\/?locale=fr_CA","article_modified_time":"2025-12-28T02:23:29+00:00","og_image":[{"width":680,"height":510,"url":"https:\/\/taschereaumotors.com\/wp-content\/uploads\/2025\/12\/taschereau-motors.webp","type":"image\/webp"}],"twitter_card":"summary_large_image","twitter_misc":{"Est. reading time":"1 minute"},"schema":{"@context":"https:\/\/schema.org","@graph":[{"@type":"WebPage","@id":"https:\/\/taschereaumotors.com\/rechercher-une-auto\/","url":"https:\/\/taschereaumotors.com\/rechercher-une-auto\/","name":"Rechercher une voiture usag\u00e9e | Taschereau Motors","isPartOf":{"@id":"https:\/\/taschereaumotors.com\/#website"},"primaryImageOfPage":{"@id":"https:\/\/taschereaumotors.com\/rechercher-une-auto\/#primaryimage"},"image":{"@id":"https:\/\/taschereaumotors.com\/rechercher-une-auto\/#primaryimage"},"thumbnailUrl":"https:\/\/taschereaumotors.com\/wp-content\/uploads\/2025\/12\/taschereau-motors.webp","datePublished":"2025-12-19T21:18:38+00:00","dateModified":"2025-12-28T02:23:29+00:00","description":"Parcourez notre inventaire de voitures usag\u00e9es inspect\u00e9es. Trouvez le v\u00e9hicule id\u00e9al chez Taschereau Motors au Qu\u00e9bec.","breadcrumb":{"@id":"https:\/\/taschereaumotors.com\/rechercher-une-auto\/#breadcrumb"},"inLanguage":"en-CA","potentialAction":[{"@type":"ReadAction","target":["https:\/\/taschereaumotors.com\/rechercher-une-auto\/"]}]},{"@type":"ImageObject","inLanguage":"en-CA","@id":"https:\/\/taschereaumotors.com\/rechercher-une-auto\/#primaryimage","url":"https:\/\/taschereaumotors.com\/wp-content\/uploads\/2025\/12\/taschereau-motors.webp","contentUrl":"https:\/\/taschereaumotors.com\/wp-content\/uploads\/2025\/12\/taschereau-motors.webp","width":680,"height":510,"caption":"Livraison de voiture chez Taschereau Moteurs, deux hommes sourient."},{"@type":"BreadcrumbList","@id":"https:\/\/taschereaumotors.com\/rechercher-une-auto\/#breadcrumb","itemListElement":[{"@type":"ListItem","position":1,"name":"Accueil","item":"https:\/\/taschereaumotors.com\/"},{"@type":"ListItem","position":2,"name":"Rechercher une auto"}]},{"@type":"WebSite","@id":"https:\/\/taschereaumotors.com\/#website","url":"https:\/\/taschereaumotors.com\/","name":"Taschereau Motors","description":"Votre concessionnaire automobile de confiance","publisher":{"@id":"https:\/\/taschereaumotors.com\/#organization"},"potentialAction":[{"@type":"SearchAction","target":{"@type":"EntryPoint","urlTemplate":"https:\/\/taschereaumotors.com\/?s={search_term_string}"},"query-input":{"@type":"PropertyValueSpecification","valueRequired":true,"valueName":"search_term_string"}}],"inLanguage":"en-CA"},{"@type":"Organization","@id":"https:\/\/taschereaumotors.com\/#organization","name":"Taschereau Motors","url":"https:\/\/taschereaumotors.com\/","logo":{"@type":"ImageObject","inLanguage":"en-CA","@id":"https:\/\/taschereaumotors.com\/#\/schema\/logo\/image\/","url":"https:\/\/taschereaumotors.com\/wp-content\/uploads\/2025\/12\/logo-taschereau-motors.png","contentUrl":"https:\/\/taschereaumotors.com\/wp-content\/uploads\/2025\/12\/logo-taschereau-motors.png","width":600,"height":600,"caption":"Taschereau Motors"},"image":{"@id":"https:\/\/taschereaumotors.com\/#\/schema\/logo\/image\/"},"sameAs":["https:\/\/www.facebook.com\/p\/Taschereau-Motors-61569135128958\/?locale=fr_CA","https:\/\/www.instagram.com\/taschereaumotors\/"]}]}},"_hostinger_reach_plugin_has_subscription_block":false,"_hostinger_reach_plugin_is_elementor":false,"_links":{"self":[{"href":"https:\/\/taschereaumotors.com\/en\/wp-json\/wp\/v2\/pages\/3359","targetHints":{"allow":["GET"]}}],"collection":[{"href":"https:\/\/taschereaumotors.com\/en\/wp-json\/wp\/v2\/pages"}],"about":[{"href":"https:\/\/taschereaumotors.com\/en\/wp-json\/wp\/v2\/types\/page"}],"author":[{"embeddable":true,"href":"https:\/\/taschereaumotors.com\/en\/wp-json\/wp\/v2\/users\/1"}],"replies":[{"embeddable":true,"href":"https:\/\/taschereaumotors.com\/en\/wp-json\/wp\/v2\/comments?post=3359"}],"version-history":[{"count":15,"href":"https:\/\/taschereaumotors.com\/en\/wp-json\/wp\/v2\/pages\/3359\/revisions"}],"predecessor-version":[{"id":4340,"href":"https:\/\/taschereaumotors.com\/en\/wp-json\/wp\/v2\/pages\/3359\/revisions\/4340"}],"wp:featuredmedia":[{"embeddable":true,"href":"https:\/\/taschereaumotors.com\/en\/wp-json\/wp\/v2\/media\/3394"}],"wp:attachment":[{"href":"https:\/\/taschereaumotors.com\/en\/wp-json\/wp\/v2\/media?parent=3359"}],"curies":[{"name":"wp","href":"https:\/\/api.w.org\/{rel}","templated":true}]}}