{"id":392,"date":"2025-11-25T22:21:16","date_gmt":"2025-11-25T22:21:16","guid":{"rendered":"https:\/\/taschereaumotors.com\/?page_id=392"},"modified":"2026-02-18T22:11:52","modified_gmt":"2026-02-18T22:11:52","slug":"contactez-nous","status":"publish","type":"page","link":"https:\/\/taschereaumotors.com\/en\/contactez-nous\/","title":{"rendered":"Contact"},"content":{"rendered":"<section class=\"bde-section-392-100 bde-section\" data-entrance=\"fade\">\n              \n  \n  \n\t\n\n  <div class=\"section-background-overlay\"><\/div>\n\n\n<div class=\"section-container\"><div class=\"bde-div-392-101 bde-div\">\n  \n  \n\t\n\n\n\n<div class=\"bde-text-392-102 bde-text\" data-entrance=\"fade\">\nContact\n<\/div><h1 class=\"bde-heading-392-103 bde-heading\" data-entrance=\"fade\">\nNeed help? We are here for you!\n<\/h1>\n<\/div><\/div>\n<\/section><section class=\"bde-section-392-104 bde-section\">\n  \n  \n\t\n\n\n\n<div class=\"section-container\"><div class=\"bde-div-392-107 bde-div\">\n  \n  \n\t\n\n\n\n<h1 class=\"bde-heading-392-106 bde-heading\">\nContact form\n<\/h1><div class=\"bde-text-392-129 bde-text\">\nPlease fill out the form below and we will respond as soon as possible. Thank you for reaching out to us for your automotive needs.\n<\/div><div class=\"bde-form-builder-392-105 bde-form-builder\">\n\n<form id=\"contactez-nous105\" class=\"breakdance-form breakdance-form--vertical\" data-options=\"{&quot;slug&quot;:&quot;custom&quot;,&quot;name&quot;:&quot;Contactez-nous&quot;,&quot;ajaxUrl&quot;:&quot;https:\\\/\\\/taschereaumotors.com\\\/wp-admin\\\/admin-ajax.php&quot;,&quot;clearOnSuccess&quot;:true,&quot;hideOnSuccess&quot;:false,&quot;successMessage&quot;:&quot;Votre message a \\u00e9t\\u00e9 envoy\\u00e9 avec succ\\u00e8s.&quot;,&quot;errorMessage&quot;:&quot;Erreur lors de l&#039;envoi.&quot;,&quot;redirect&quot;:false,&quot;redirectUrl&quot;:&quot;&quot;,&quot;customJavaScript&quot;:&quot;&quot;,&quot;recaptcha&quot;:{&quot;key&quot;:&quot;6LePYjQsAAAAACQQV02oRihTSvU0UPdF3TJD4TkZ&quot;,&quot;enabled&quot;:true},&quot;honeypot_enabled&quot;:true,&quot;popupsOnSuccess&quot;:[],&quot;popupsOnError&quot;:[]}\" data-steps=\"0\" action=\"\" >\n  \n  \n  \n<div class=\"breakdance-form-field breakdance-form-field--text\" >\n    \n    \n            <label class=\"breakdance-form-field__label\" for=\"nom\">\n            Name<span class=\"breakdance-form-field__required\">*<\/span>\n        <\/label>\n    \n    <input\n    class=\"breakdance-form-field__input\"\n    id=\"nom\"\n    aria-describedby=\"nom\"\n    type=\"text\"\n    name=\"fields[nom]\"\n    placeholder=\"Name\"\n    value=\"\"\n                \n        \n        \n    required\n>\n\n\n    \n    \n<\/div>\n\n\n<div class=\"breakdance-form-field breakdance-form-field--tel\" >\n    \n    \n            <label class=\"breakdance-form-field__label\" for=\"T\u00e9l\u00e9phone\">\n            Phone\n        <\/label>\n    \n    <input\n    class=\"breakdance-form-field__input\"\n    id=\"T\u00e9l\u00e9phone\"\n    aria-describedby=\"T\u00e9l\u00e9phone\"\n    type=\"tel\"\n    name=\"fields[T\u00e9l\u00e9phone]\"\n    placeholder=\"Phone\"\n    value=\"\"\n                \n        \n        \n    \n    \n    \n    \n>\n\n\n    \n    \n<\/div>\n\n\n<div class=\"breakdance-form-field breakdance-form-field--text\" >\n    \n    \n            <label class=\"breakdance-form-field__label\" for=\"email\">\n            Email\n        <\/label>\n    \n    <input\n    class=\"breakdance-form-field__input\"\n    id=\"email\"\n    aria-describedby=\"email\"\n    type=\"text\"\n    name=\"fields[email]\"\n    placeholder=\"Email\"\n    value=\"\"\n                \n        \n        \n    \n    \n    \n    \n>\n\n\n    \n    \n<\/div>\n\n\n<div class=\"breakdance-form-field breakdance-form-field--textarea\" >\n    \n    \n            <label class=\"breakdance-form-field__label\" for=\"message\">\n            Message\n        <\/label>\n    \n    <textarea\n    class=\"breakdance-form-field__input\"\n    id=\"message\"\n    aria-describedby=\"message\"\n    type=\"textarea\"\n    name=\"fields[message]\"\n        placeholder=\"Your message\"\n    \n    >\n<\/textarea>\n\n\n    \n    \n<\/div>\n\n\n<div class=\"breakdance-form-field breakdance-form-field--checkbox\" >\n    \n    \n    \n    <fieldset role=\"group\"\n    >\n          <div class=\"breakdance-form-checkbox\">\n          <input\n              type=\"checkbox\"\n              name=\"fields[Acceptance]\"\n              value=\"En fournissant votre num\u00e9ro de t\u00e9l\u00e9phone, vous acceptez de recevoir des SMS promotionnels de Taschereau Motors. La fr\u00e9quence des messages est variable. Des frais de messagerie et de donn\u00e9es peuvent s&#039;appliquer. Envoyez AIDE pour obtenir de l&#039;aide. Envoyez STOP pour vous d\u00e9sabonner.\"\n              id=\"Acceptance-1\"\n              \n                        >\n          <label class=\"breakdance-form-checkbox__text\" for=\"Acceptance-1\">En fournissant votre num\u00e9ro de t\u00e9l\u00e9phone, vous acceptez de recevoir des SMS promotionnels de Taschereau Motors. La fr\u00e9quence des messages est variable. Des frais de messagerie et de donn\u00e9es peuvent s'appliquer. Envoyez AIDE pour obtenir de l'aide. Envoyez STOP pour vous d\u00e9sabonner.<\/label>\n      <\/div>\n  <\/fieldset>\n\n\n\n    \n    \n<\/div>\n\n\n<div class=\"breakdance-form-field breakdance-form-field--hpinput\" >\n    \n    \n            <label class=\"breakdance-form-field__label\" for=\"hpname\">\n            HP Name\n        <\/label>\n    \n    <input\n    class=\"breakdance-form-field__input\"\n    id=\"hpname\"\n    aria-describedby=\"hpname\"\n    type=\"hpinput\"\n    name=\"fields[hpname]\"\n    placeholder=\"\"\n    value=\"\"\n                \n        \n        \n    \n    autocomplete=\"off\"\n    tabindex=\"-1\"\n    \n>\n\n\n    \n    \n<\/div>\n\n\n<div class=\"breakdance-form-field breakdance-form-field--hidden\" >\n    \n    \n    \n    <input\n    id=\"csrf-token-105\"\n    type=\"hidden\"\n    name=\"fields[csrfToken]\"\n    value=\"1d5e05ad6f\"\n    >\n\n\n    \n    \n<\/div>\n\n\n  \n\n<div class=\"breakdance-form-field breakdance-form-footer\">\n    \n    \n                                    \n    \n    \n    \n    \n            \n            <button type=\"submit\" class=\"button-atom button-atom--primary breakdance-form-button breakdance-form-button__submit\"  >\n    \n        <span class=\"button-atom__text\">Send<\/span>\n\n        \n        \n            <\/button>\n    \n    <input type=\"hidden\" name=\"form_id\" value=\"105\">\n    <input type=\"hidden\" name=\"post_id\" value=\"392\">\n<\/div>\n\n  \n<input type=\"hidden\" name=\"trp-form-language\" value=\"en\"\/><\/form>\n\n\n<\/div>\n<\/div><\/div>\n<\/section><section class=\"bde-section-392-108 bde-section\">\n  \n  \n\t\n\n\n\n<div class=\"section-container\"><div class=\"bde-div-392-109 bde-div\">\n  \n  \n\t\n\n\n\n<h2 class=\"bde-heading-392-110 bde-heading\">\nContact us\n<\/h2><div class=\"bde-text-392-111 bde-text\">\nContact Taschereau Motors for any questions about our vehicles and services.\n<\/div>\n<\/div><div class=\"bde-columns-392-112 bde-columns\"><div class=\"bde-column-392-113 bde-column\">\n  \n  \n\t\n\n\n\n<div class=\"bde-icon-392-114 bde-icon bde-preset-4a1e89c1-2862-48a4-9d2e-3e71339282a7\">\n\n    \n            <div class=\"bde-icon-icon breakdance-icon-atom\" >\n    \n                    <svg xmlns=\"http:\/\/www.w3.org\/2000\/svg\" viewbox=\"0 0 512 512\"><!--! Font Awesome Free 6.5.1 by @fontawesome - https:\/\/fontawesome.com License - https:\/\/fontawesome.com\/license\/free (Icons: CC BY 4.0, Fonts: SIL OFL 1.1, Code: MIT License) Copyright 2023 Fonticons, Inc. --><path d=\"M347.1 24.6c7.7-18.6 28-28.5 47.4-23.2l88 24C499.9 30.2 512 46 512 64c0 247.4-200.6 448-448 448c-18 0-33.8-12.1-38.6-29.5l-24-88c-5.3-19.4 4.6-39.7 23.2-47.4l96-40c16.3-6.8 35.2-2.1 46.3 11.6L207.3 368c70.4-33.3 127.4-90.3 160.7-160.7L318.7 167c-13.7-11.2-18.4-30-11.6-46.3l40-96z\"\/><\/svg>\n        \n        \n        \n            <\/div>\n    \n\n\n<\/div><h5 class=\"bde-heading-392-115 bde-heading\">\nPhone\n<\/h5><div class=\"bde-text-392-116 bde-text\">\n+1 450 235 6413\n<\/div>\n<\/div><div class=\"bde-column-392-117 bde-column\">\n  \n  \n\t\n\n\n\n<div class=\"bde-icon-392-118 bde-icon bde-preset-4a1e89c1-2862-48a4-9d2e-3e71339282a7\">\n\n    \n            <div class=\"bde-icon-icon breakdance-icon-atom\" >\n    \n                    <svg xmlns=\"http:\/\/www.w3.org\/2000\/svg\" viewbox=\"0 0 512 512\"><!--! Font Awesome Free 6.5.1 by @fontawesome - https:\/\/fontawesome.com License - https:\/\/fontawesome.com\/license\/free (Icons: CC BY 4.0, Fonts: SIL OFL 1.1, Code: MIT License) Copyright 2023 Fonticons, Inc. --><path d=\"M48 64C21.5 64 0 85.5 0 112c0 15.1 7.1 29.3 19.2 38.4L236.8 313.6c11.4 8.5 27 8.5 38.4 0L492.8 150.4c12.1-9.1 19.2-23.3 19.2-38.4c0-26.5-21.5-48-48-48H48zM0 176V384c0 35.3 28.7 64 64 64H448c35.3 0 64-28.7 64-64V176L294.4 339.2c-22.8 17.1-54 17.1-76.8 0L0 176z\"\/><\/svg>\n        \n        \n        \n            <\/div>\n    \n\n\n<\/div><h5 class=\"bde-heading-392-119 bde-heading\">\nE-mail\n<\/h5><div class=\"bde-text-392-120 bde-text\">\ninfo@taschereaumotors.com\n<\/div>\n<\/div><div class=\"bde-column-392-121 bde-column\">\n  \n  \n\t\n\n\n\n<div class=\"bde-icon-392-122 bde-icon bde-preset-4a1e89c1-2862-48a4-9d2e-3e71339282a7\">\n\n    \n            <div class=\"bde-icon-icon breakdance-icon-atom\" >\n    \n                    <svg xmlns=\"http:\/\/www.w3.org\/2000\/svg\" id=\"icon-location\" viewbox=\"0 0 32 32\">\n<path d=\"M16 0c-5.523 0-10 4.477-10 10 0 10 10 22 10 22s10-12 10-22c0-5.523-4.477-10-10-10zM16 16c-3.314 0-6-2.686-6-6s2.686-6 6-6 6 2.686 6 6-2.686 6-6 6z\"\/>\n<\/svg>\n        \n        \n        \n            <\/div>\n    \n\n\n<\/div><h5 class=\"bde-heading-392-123 bde-heading\">\nLocation\n<\/h5><div class=\"bde-text-392-124 bde-text\">\n90 Taschereau Blvd suite 108, La Prairie, Quebec J5R 1S8\n<\/div>\n<\/div><\/div><\/div>\n<\/section>","protected":false},"excerpt":{"rendered":"<p>Contact Besoin d&rsquo;aide ? Nous sommes l\u00e0 pour vous ! Formulaire de contact Veuillez remplir le formulaire ci-dessous et nous vous r\u00e9pondrons d\u00e8s que possible. Merci de nous contacter pour vos besoins automobiles. Nom* T\u00e9l\u00e9phone Courriel Message En fournissant votre num\u00e9ro de t\u00e9l\u00e9phone, vous acceptez de recevoir des SMS promotionnels de Taschereau Motors. La fr\u00e9quence [&hellip;]<\/p>","protected":false},"author":1,"featured_media":3396,"parent":0,"menu_order":0,"comment_status":"closed","ping_status":"closed","template":"","meta":{"_breakdance_hide_in_design_set":false,"_breakdance_tags":"","footnotes":""},"class_list":["post-392","page","type-page","status-publish","has-post-thumbnail","hentry"],"acf":[],"yoast_head":"<!-- This site is optimized with the Yoast SEO plugin v26.6 - https:\/\/yoast.com\/wordpress\/plugins\/seo\/ -->\n<title>Contact | Taschereau Motors<\/title>\n<meta name=\"description\" content=\"Une question sur un v\u00e9hicule usag\u00e9 ou le financement? Contactez Taschereau Motors d\u00e8s aujourd\u2019hui, notre \u00e9quipe est l\u00e0 pour vous aider.\" \/>\n<meta name=\"robots\" content=\"index, follow, max-snippet:-1, max-image-preview:large, max-video-preview:-1\" \/>\n<link rel=\"canonical\" href=\"https:\/\/taschereaumotors.com\/en\/contactez-nous\/\" \/>\n<meta property=\"og:locale\" content=\"en_US\" \/>\n<meta property=\"og:type\" content=\"article\" \/>\n<meta property=\"og:title\" content=\"Contact | Taschereau Motors\" \/>\n<meta property=\"og:description\" content=\"Une question sur un v\u00e9hicule usag\u00e9 ou le financement? Contactez Taschereau Motors d\u00e8s aujourd\u2019hui, notre \u00e9quipe est l\u00e0 pour vous aider.\" \/>\n<meta property=\"og:url\" content=\"https:\/\/taschereaumotors.com\/en\/contactez-nous\/\" \/>\n<meta property=\"og:site_name\" content=\"Taschereau Motors\" \/>\n<meta property=\"article:publisher\" content=\"https:\/\/www.facebook.com\/p\/Taschereau-Motors-61569135128958\/?locale=fr_CA\" \/>\n<meta property=\"article:modified_time\" content=\"2026-02-18T22:11:52+00:00\" \/>\n<meta property=\"og:image\" content=\"https:\/\/taschereaumotors.com\/wp-content\/uploads\/2025\/12\/tas.webp\" \/>\n\t<meta property=\"og:image:width\" content=\"680\" \/>\n\t<meta property=\"og:image:height\" content=\"510\" \/>\n\t<meta property=\"og:image:type\" content=\"image\/webp\" \/>\n<meta name=\"twitter:card\" content=\"summary_large_image\" \/>\n<meta name=\"twitter:label1\" content=\"Est. reading time\" \/>\n\t<meta name=\"twitter:data1\" content=\"1 minute\" \/>\n<script type=\"application\/ld+json\" class=\"yoast-schema-graph\">{\"@context\":\"https:\/\/schema.org\",\"@graph\":[{\"@type\":\"WebPage\",\"@id\":\"https:\/\/taschereaumotors.com\/contactez-nous\/\",\"url\":\"https:\/\/taschereaumotors.com\/contactez-nous\/\",\"name\":\"Contact | Taschereau Motors\",\"isPartOf\":{\"@id\":\"https:\/\/taschereaumotors.com\/#website\"},\"primaryImageOfPage\":{\"@id\":\"https:\/\/taschereaumotors.com\/contactez-nous\/#primaryimage\"},\"image\":{\"@id\":\"https:\/\/taschereaumotors.com\/contactez-nous\/#primaryimage\"},\"thumbnailUrl\":\"https:\/\/taschereaumotors.com\/wp-content\/uploads\/2025\/12\/tas.webp\",\"datePublished\":\"2025-11-25T22:21:16+00:00\",\"dateModified\":\"2026-02-18T22:11:52+00:00\",\"description\":\"Une question sur un v\u00e9hicule usag\u00e9 ou le financement? Contactez Taschereau Motors d\u00e8s aujourd\u2019hui, notre \u00e9quipe est l\u00e0 pour vous aider.\",\"breadcrumb\":{\"@id\":\"https:\/\/taschereaumotors.com\/contactez-nous\/#breadcrumb\"},\"inLanguage\":\"en-CA\",\"potentialAction\":[{\"@type\":\"ReadAction\",\"target\":[\"https:\/\/taschereaumotors.com\/contactez-nous\/\"]}]},{\"@type\":\"ImageObject\",\"inLanguage\":\"en-CA\",\"@id\":\"https:\/\/taschereaumotors.com\/contactez-nous\/#primaryimage\",\"url\":\"https:\/\/taschereaumotors.com\/wp-content\/uploads\/2025\/12\/tas.webp\",\"contentUrl\":\"https:\/\/taschereaumotors.com\/wp-content\/uploads\/2025\/12\/tas.webp\",\"width\":680,\"height\":510,\"caption\":\"Voitures gar\u00e9es devant un b\u00e2timent moderne. Taschereau motors\"},{\"@type\":\"BreadcrumbList\",\"@id\":\"https:\/\/taschereaumotors.com\/contactez-nous\/#breadcrumb\",\"itemListElement\":[{\"@type\":\"ListItem\",\"position\":1,\"name\":\"Accueil\",\"item\":\"https:\/\/taschereaumotors.com\/\"},{\"@type\":\"ListItem\",\"position\":2,\"name\":\"Contact\"}]},{\"@type\":\"WebSite\",\"@id\":\"https:\/\/taschereaumotors.com\/#website\",\"url\":\"https:\/\/taschereaumotors.com\/\",\"name\":\"Taschereau Motors\",\"description\":\"Votre concessionnaire automobile de confiance\",\"publisher\":{\"@id\":\"https:\/\/taschereaumotors.com\/#organization\"},\"potentialAction\":[{\"@type\":\"SearchAction\",\"target\":{\"@type\":\"EntryPoint\",\"urlTemplate\":\"https:\/\/taschereaumotors.com\/?s={search_term_string}\"},\"query-input\":{\"@type\":\"PropertyValueSpecification\",\"valueRequired\":true,\"valueName\":\"search_term_string\"}}],\"inLanguage\":\"en-CA\"},{\"@type\":\"Organization\",\"@id\":\"https:\/\/taschereaumotors.com\/#organization\",\"name\":\"Taschereau Motors\",\"url\":\"https:\/\/taschereaumotors.com\/\",\"logo\":{\"@type\":\"ImageObject\",\"inLanguage\":\"en-CA\",\"@id\":\"https:\/\/taschereaumotors.com\/#\/schema\/logo\/image\/\",\"url\":\"https:\/\/taschereaumotors.com\/wp-content\/uploads\/2025\/12\/logo-taschereau-motors.png\",\"contentUrl\":\"https:\/\/taschereaumotors.com\/wp-content\/uploads\/2025\/12\/logo-taschereau-motors.png\",\"width\":600,\"height\":600,\"caption\":\"Taschereau Motors\"},\"image\":{\"@id\":\"https:\/\/taschereaumotors.com\/#\/schema\/logo\/image\/\"},\"sameAs\":[\"https:\/\/www.facebook.com\/p\/Taschereau-Motors-61569135128958\/?locale=fr_CA\",\"https:\/\/www.instagram.com\/taschereaumotors\/\"]}]}<\/script>\n<!-- \/ Yoast SEO plugin. -->","yoast_head_json":{"title":"Contact | Taschereau Motors","description":"Une question sur un v\u00e9hicule usag\u00e9 ou le financement? Contactez Taschereau Motors d\u00e8s aujourd\u2019hui, notre \u00e9quipe est l\u00e0 pour vous aider.","robots":{"index":"index","follow":"follow","max-snippet":"max-snippet:-1","max-image-preview":"max-image-preview:large","max-video-preview":"max-video-preview:-1"},"canonical":"https:\/\/taschereaumotors.com\/en\/contactez-nous\/","og_locale":"en_US","og_type":"article","og_title":"Contact | Taschereau Motors","og_description":"Une question sur un v\u00e9hicule usag\u00e9 ou le financement? Contactez Taschereau Motors d\u00e8s aujourd\u2019hui, notre \u00e9quipe est l\u00e0 pour vous aider.","og_url":"https:\/\/taschereaumotors.com\/en\/contactez-nous\/","og_site_name":"Taschereau Motors","article_publisher":"https:\/\/www.facebook.com\/p\/Taschereau-Motors-61569135128958\/?locale=fr_CA","article_modified_time":"2026-02-18T22:11:52+00:00","og_image":[{"width":680,"height":510,"url":"https:\/\/taschereaumotors.com\/wp-content\/uploads\/2025\/12\/tas.webp","type":"image\/webp"}],"twitter_card":"summary_large_image","twitter_misc":{"Est. reading time":"1 minute"},"schema":{"@context":"https:\/\/schema.org","@graph":[{"@type":"WebPage","@id":"https:\/\/taschereaumotors.com\/contactez-nous\/","url":"https:\/\/taschereaumotors.com\/contactez-nous\/","name":"Contact | Taschereau Motors","isPartOf":{"@id":"https:\/\/taschereaumotors.com\/#website"},"primaryImageOfPage":{"@id":"https:\/\/taschereaumotors.com\/contactez-nous\/#primaryimage"},"image":{"@id":"https:\/\/taschereaumotors.com\/contactez-nous\/#primaryimage"},"thumbnailUrl":"https:\/\/taschereaumotors.com\/wp-content\/uploads\/2025\/12\/tas.webp","datePublished":"2025-11-25T22:21:16+00:00","dateModified":"2026-02-18T22:11:52+00:00","description":"Une question sur un v\u00e9hicule usag\u00e9 ou le financement? Contactez Taschereau Motors d\u00e8s aujourd\u2019hui, notre \u00e9quipe est l\u00e0 pour vous aider.","breadcrumb":{"@id":"https:\/\/taschereaumotors.com\/contactez-nous\/#breadcrumb"},"inLanguage":"en-CA","potentialAction":[{"@type":"ReadAction","target":["https:\/\/taschereaumotors.com\/contactez-nous\/"]}]},{"@type":"ImageObject","inLanguage":"en-CA","@id":"https:\/\/taschereaumotors.com\/contactez-nous\/#primaryimage","url":"https:\/\/taschereaumotors.com\/wp-content\/uploads\/2025\/12\/tas.webp","contentUrl":"https:\/\/taschereaumotors.com\/wp-content\/uploads\/2025\/12\/tas.webp","width":680,"height":510,"caption":"Voitures gar\u00e9es devant un b\u00e2timent moderne. Taschereau motors"},{"@type":"BreadcrumbList","@id":"https:\/\/taschereaumotors.com\/contactez-nous\/#breadcrumb","itemListElement":[{"@type":"ListItem","position":1,"name":"Accueil","item":"https:\/\/taschereaumotors.com\/"},{"@type":"ListItem","position":2,"name":"Contact"}]},{"@type":"WebSite","@id":"https:\/\/taschereaumotors.com\/#website","url":"https:\/\/taschereaumotors.com\/","name":"Taschereau Motors","description":"Votre concessionnaire automobile de confiance","publisher":{"@id":"https:\/\/taschereaumotors.com\/#organization"},"potentialAction":[{"@type":"SearchAction","target":{"@type":"EntryPoint","urlTemplate":"https:\/\/taschereaumotors.com\/?s={search_term_string}"},"query-input":{"@type":"PropertyValueSpecification","valueRequired":true,"valueName":"search_term_string"}}],"inLanguage":"en-CA"},{"@type":"Organization","@id":"https:\/\/taschereaumotors.com\/#organization","name":"Taschereau Motors","url":"https:\/\/taschereaumotors.com\/","logo":{"@type":"ImageObject","inLanguage":"en-CA","@id":"https:\/\/taschereaumotors.com\/#\/schema\/logo\/image\/","url":"https:\/\/taschereaumotors.com\/wp-content\/uploads\/2025\/12\/logo-taschereau-motors.png","contentUrl":"https:\/\/taschereaumotors.com\/wp-content\/uploads\/2025\/12\/logo-taschereau-motors.png","width":600,"height":600,"caption":"Taschereau Motors"},"image":{"@id":"https:\/\/taschereaumotors.com\/#\/schema\/logo\/image\/"},"sameAs":["https:\/\/www.facebook.com\/p\/Taschereau-Motors-61569135128958\/?locale=fr_CA","https:\/\/www.instagram.com\/taschereaumotors\/"]}]}},"_hostinger_reach_plugin_has_subscription_block":false,"_hostinger_reach_plugin_is_elementor":false,"_links":{"self":[{"href":"https:\/\/taschereaumotors.com\/en\/wp-json\/wp\/v2\/pages\/392","targetHints":{"allow":["GET"]}}],"collection":[{"href":"https:\/\/taschereaumotors.com\/en\/wp-json\/wp\/v2\/pages"}],"about":[{"href":"https:\/\/taschereaumotors.com\/en\/wp-json\/wp\/v2\/types\/page"}],"author":[{"embeddable":true,"href":"https:\/\/taschereaumotors.com\/en\/wp-json\/wp\/v2\/users\/1"}],"replies":[{"embeddable":true,"href":"https:\/\/taschereaumotors.com\/en\/wp-json\/wp\/v2\/comments?post=392"}],"version-history":[{"count":15,"href":"https:\/\/taschereaumotors.com\/en\/wp-json\/wp\/v2\/pages\/392\/revisions"}],"predecessor-version":[{"id":6347,"href":"https:\/\/taschereaumotors.com\/en\/wp-json\/wp\/v2\/pages\/392\/revisions\/6347"}],"wp:featuredmedia":[{"embeddable":true,"href":"https:\/\/taschereaumotors.com\/en\/wp-json\/wp\/v2\/media\/3396"}],"wp:attachment":[{"href":"https:\/\/taschereaumotors.com\/en\/wp-json\/wp\/v2\/media?parent=392"}],"curies":[{"name":"wp","href":"https:\/\/api.w.org\/{rel}","templated":true}]}}