{"id":396,"date":"2025-11-25T22:22:16","date_gmt":"2025-11-25T22:22:16","guid":{"rendered":"https:\/\/taschereaumotors.com\/?page_id=396"},"modified":"2025-12-26T20:45:41","modified_gmt":"2025-12-26T20:45:41","slug":"a-propos","status":"publish","type":"page","link":"https:\/\/taschereaumotors.com\/en\/a-propos\/","title":{"rendered":"About"},"content":{"rendered":"<section class=\"bde-section-396-104 bde-section\" data-entrance=\"fade\">\n              \n  \n  \n\t\n\n  <div class=\"section-background-overlay\"><\/div>\n\n\n<div class=\"section-container\"><div class=\"bde-div-396-105 bde-div\">\n  \n  \n\t\n\n\n\n<div class=\"bde-text-396-106 bde-text\" data-entrance=\"fade\">\nOur story\n<\/div><h1 class=\"bde-heading-396-107 bde-heading\" data-entrance=\"fade\">\nThe adventure of Taschereau Motors\n<\/h1>\n<\/div><\/div>\n<\/section><section class=\"bde-section-396-109 bde-section\">\n  \n  \n\t\n\n\n\n<div class=\"section-container\"><div class=\"bde-columns-396-110 bde-columns\"><div class=\"bde-column-396-111 bde-column\">\n  \n  \n\t\n\n\n\n<h1 class=\"bde-heading-396-113 bde-heading\">\nWelcome to Taschereau Motors\n<\/h1><div class=\"bde-text-396-114 bde-text\">\nAt Taschereau Motors, we are committed to providing the best automotive services to meet all your needs. Our reputation is built on our ability to deliver quality vehicles and exceptional customer service.\n<\/div>\n<\/div><div class=\"bde-column-396-112 bde-column\">\n  \n  \n\t\n\n\n\n<img decoding=\"async\" class=\"bde-image2-396-121 bde-image2\" src=\"https:\/\/taschereaumotors.com\/\/wp-content\/uploads\/2025\/12\/fallback-hero-image.jpg\" loading=\"lazy\" srcset=\"https:\/\/taschereaumotors.com\/\/wp-content\/uploads\/2025\/12\/fallback-hero-image.jpg 2048w, https:\/\/taschereaumotors.com\/\/wp-content\/uploads\/2025\/12\/fallback-hero-image-300x225.jpg 300w, https:\/\/taschereaumotors.com\/\/wp-content\/uploads\/2025\/12\/fallback-hero-image-1024x768.jpg 1024w, https:\/\/taschereaumotors.com\/\/wp-content\/uploads\/2025\/12\/fallback-hero-image-768x576.jpg 768w, https:\/\/taschereaumotors.com\/\/wp-content\/uploads\/2025\/12\/fallback-hero-image-1536x1152.jpg 1536w, https:\/\/taschereaumotors.com\/\/wp-content\/uploads\/2025\/12\/fallback-hero-image-16x12.jpg 16w\" sizes=\"(max-width: 2048px) 100vw, 2048px\">\n<\/div><\/div><div class=\"bde-columns-396-134 bde-columns\"><div class=\"bde-column-396-138 bde-column\">\n  \n  \n\t\n\n\n\n<img decoding=\"async\" class=\"bde-image2-396-139 bde-image2\" src=\"https:\/\/taschereaumotors.com\/\/wp-content\/uploads\/2025\/12\/car-wash-detailing-station-scaled.jpg\" loading=\"lazy\" srcset=\"https:\/\/taschereaumotors.com\/\/wp-content\/uploads\/2025\/12\/car-wash-detailing-station-scaled.jpg 2560w, https:\/\/taschereaumotors.com\/\/wp-content\/uploads\/2025\/12\/car-wash-detailing-station-300x200.jpg 300w, https:\/\/taschereaumotors.com\/\/wp-content\/uploads\/2025\/12\/car-wash-detailing-station-1024x683.jpg 1024w, https:\/\/taschereaumotors.com\/\/wp-content\/uploads\/2025\/12\/car-wash-detailing-station-768x512.jpg 768w, https:\/\/taschereaumotors.com\/\/wp-content\/uploads\/2025\/12\/car-wash-detailing-station-1536x1024.jpg 1536w, https:\/\/taschereaumotors.com\/\/wp-content\/uploads\/2025\/12\/car-wash-detailing-station-2048x1365.jpg 2048w, https:\/\/taschereaumotors.com\/\/wp-content\/uploads\/2025\/12\/car-wash-detailing-station-18x12.jpg 18w\" sizes=\"(max-width: 2560px) 100vw, 2560px\">\n<\/div><div class=\"bde-column-396-135 bde-column\">\n  \n  \n\t\n\n\n\n<h1 class=\"bde-heading-396-136 bde-heading\">\nOur Services\n<\/h1><div class=\"bde-text-396-137 bde-text\">\nWe offer a wide range of services from the sale of new and used cars to professional maintenance of your vehicle. Our experts are here to advise and assist you in your choices.\n<\/div>\n<\/div><\/div><div class=\"bde-columns-396-140 bde-columns\"><div class=\"bde-column-396-143 bde-column\">\n  \n  \n\t\n\n\n\n<h1 class=\"bde-heading-396-144 bde-heading\">\nOur Commitment\n<\/h1><div class=\"bde-text-396-145 bde-text\">\nWe believe in transparency and trust. Our dedicated team is trained to provide you with a stress-free and personalized shopping experience. Come discover why so many customers choose us as their preferred car dealership.\n<\/div>\n<\/div><div class=\"bde-column-396-141 bde-column\">\n  \n  \n\t\n\n\n\n<img decoding=\"async\" class=\"bde-image2-396-142 bde-image2\" src=\"https:\/\/taschereaumotors.com\/\/wp-content\/uploads\/2025\/12\/young-couple-talking-sales-person-car-showroom-scaled.jpg\" loading=\"lazy\" srcset=\"https:\/\/taschereaumotors.com\/\/wp-content\/uploads\/2025\/12\/young-couple-talking-sales-person-car-showroom-scaled.jpg 2560w, https:\/\/taschereaumotors.com\/\/wp-content\/uploads\/2025\/12\/young-couple-talking-sales-person-car-showroom-300x200.jpg 300w, https:\/\/taschereaumotors.com\/\/wp-content\/uploads\/2025\/12\/young-couple-talking-sales-person-car-showroom-1024x683.jpg 1024w, https:\/\/taschereaumotors.com\/\/wp-content\/uploads\/2025\/12\/young-couple-talking-sales-person-car-showroom-768x512.jpg 768w, https:\/\/taschereaumotors.com\/\/wp-content\/uploads\/2025\/12\/young-couple-talking-sales-person-car-showroom-1536x1024.jpg 1536w, https:\/\/taschereaumotors.com\/\/wp-content\/uploads\/2025\/12\/young-couple-talking-sales-person-car-showroom-2048x1365.jpg 2048w, https:\/\/taschereaumotors.com\/\/wp-content\/uploads\/2025\/12\/young-couple-talking-sales-person-car-showroom-18x12.jpg 18w\" sizes=\"(max-width: 2560px) 100vw, 2560px\">\n<\/div><\/div><\/div>\n<\/section><section class=\"bde-section-396-165 bde-section\">\n  \n  \n\t\n\n\n\n<div class=\"section-container\"><div class=\"bde-div-396-166 bde-div\">\n  \n  \n\t\n\n\n\n<h2 class=\"bde-heading-396-167 bde-heading\">\nCome visit us!\n<\/h2><div class=\"bde-text-396-168 bde-text\">\nDiscover our selection of vehicles at Taschereau Motors. Our friendly team is waiting for you!\n<\/div>\n<\/div><div class=\"bde-google-map-396-185 bde-google-map\">\r\n<iframe width=\"100%\" height=\"100%\" style=\"border:0\" loading=\"lazy\" title=\"Map\" src=\"https:\/\/maps.google.com\/maps?q=90+Taschereau+Blvd+suite+108%2C+La+Prairie%2C+Quebec+J5R+1S8&t=m&z=14&output=embed&iwloc=near\" allowfullscreen><\/iframe>\n<\/div><div class=\"bde-button-396-186 bde-button\">\n    \n                        \n                                                    \n    \n    \n    \n    \n            \n                    \n            \n            \n\n    \n    \n    \n    \n    \n    <a class=\"breakdance-link button-atom button-atom--custom button-atom--preset-103edb8c-1fce-450b-b20c-b318dfb2f77a bde-button__button\" href=\"\/en\/inventaire\/\" target=\"_self\" data-type=\"url\"  >\n\n    \n        <span class=\"button-atom__text\">View inventory <\/span>\n\n        \n        \n                <\/a>\n\n    \n\n\n<\/div><\/div>\n<\/section>","protected":false},"excerpt":{"rendered":"<p>Notre histoire L&rsquo;aventure de Taschereau Motors Bienvenue chez Taschereau Motors Chez Taschereau Motors nous nous engageons \u00e0 offrir les meilleurs services automobiles pour r\u00e9pondre \u00e0 tous vos besoins. Notre r\u00e9putation repose sur notre capacit\u00e9 \u00e0 fournir des v\u00e9hicules de qualit\u00e9 et un service client exceptionnel. Nos Services Nous proposons une large gamme de services allant [&hellip;]<\/p>","protected":false},"author":1,"featured_media":3394,"parent":0,"menu_order":0,"comment_status":"closed","ping_status":"closed","template":"","meta":{"_breakdance_hide_in_design_set":false,"_breakdance_tags":"","footnotes":""},"class_list":["post-396","page","type-page","status-publish","has-post-thumbnail","hentry"],"acf":[],"yoast_head":"<!-- This site is optimized with the Yoast SEO plugin v26.6 - https:\/\/yoast.com\/wordpress\/plugins\/seo\/ -->\n<title>\u00c0 propos | Taschereau Motors<\/title>\n<meta name=\"robots\" content=\"index, follow, max-snippet:-1, max-image-preview:large, max-video-preview:-1\" \/>\n<link rel=\"canonical\" href=\"https:\/\/taschereaumotors.com\/en\/a-propos\/\" \/>\n<meta property=\"og:locale\" content=\"en_US\" \/>\n<meta property=\"og:type\" content=\"article\" \/>\n<meta property=\"og:title\" content=\"\u00c0 propos | Taschereau Motors\" \/>\n<meta property=\"og:description\" content=\"Notre histoire L&#039;aventure de Taschereau Motors Bienvenue chez Taschereau Motors Chez Taschereau Motors nous nous engageons \u00e0 offrir les meilleurs services automobiles pour r\u00e9pondre \u00e0 tous vos besoins. Notre r\u00e9putation repose sur notre capacit\u00e9 \u00e0 fournir des v\u00e9hicules de qualit\u00e9 et un service client exceptionnel. Nos Services Nous proposons une large gamme de services allant [&hellip;]\" \/>\n<meta property=\"og:url\" content=\"https:\/\/taschereaumotors.com\/en\/a-propos\/\" \/>\n<meta property=\"og:site_name\" content=\"Taschereau Motors\" \/>\n<meta property=\"article:publisher\" content=\"https:\/\/www.facebook.com\/p\/Taschereau-Motors-61569135128958\/?locale=fr_CA\" \/>\n<meta property=\"article:modified_time\" content=\"2025-12-26T20:45:41+00:00\" \/>\n<meta property=\"og:image\" content=\"https:\/\/taschereaumotors.com\/wp-content\/uploads\/2025\/12\/taschereau-motors.webp\" \/>\n\t<meta property=\"og:image:width\" content=\"680\" \/>\n\t<meta property=\"og:image:height\" content=\"510\" \/>\n\t<meta property=\"og:image:type\" content=\"image\/webp\" \/>\n<meta name=\"twitter:card\" content=\"summary_large_image\" \/>\n<script type=\"application\/ld+json\" class=\"yoast-schema-graph\">{\"@context\":\"https:\/\/schema.org\",\"@graph\":[{\"@type\":\"WebPage\",\"@id\":\"https:\/\/taschereaumotors.com\/a-propos\/\",\"url\":\"https:\/\/taschereaumotors.com\/a-propos\/\",\"name\":\"\u00c0 propos | Taschereau Motors\",\"isPartOf\":{\"@id\":\"https:\/\/taschereaumotors.com\/#website\"},\"primaryImageOfPage\":{\"@id\":\"https:\/\/taschereaumotors.com\/a-propos\/#primaryimage\"},\"image\":{\"@id\":\"https:\/\/taschereaumotors.com\/a-propos\/#primaryimage\"},\"thumbnailUrl\":\"https:\/\/taschereaumotors.com\/wp-content\/uploads\/2025\/12\/taschereau-motors.webp\",\"datePublished\":\"2025-11-25T22:22:16+00:00\",\"dateModified\":\"2025-12-26T20:45:41+00:00\",\"breadcrumb\":{\"@id\":\"https:\/\/taschereaumotors.com\/a-propos\/#breadcrumb\"},\"inLanguage\":\"en-CA\",\"potentialAction\":[{\"@type\":\"ReadAction\",\"target\":[\"https:\/\/taschereaumotors.com\/a-propos\/\"]}]},{\"@type\":\"ImageObject\",\"inLanguage\":\"en-CA\",\"@id\":\"https:\/\/taschereaumotors.com\/a-propos\/#primaryimage\",\"url\":\"https:\/\/taschereaumotors.com\/wp-content\/uploads\/2025\/12\/taschereau-motors.webp\",\"contentUrl\":\"https:\/\/taschereaumotors.com\/wp-content\/uploads\/2025\/12\/taschereau-motors.webp\",\"width\":680,\"height\":510,\"caption\":\"Livraison de voiture chez Taschereau Moteurs, deux hommes sourient.\"},{\"@type\":\"BreadcrumbList\",\"@id\":\"https:\/\/taschereaumotors.com\/a-propos\/#breadcrumb\",\"itemListElement\":[{\"@type\":\"ListItem\",\"position\":1,\"name\":\"Accueil\",\"item\":\"https:\/\/taschereaumotors.com\/\"},{\"@type\":\"ListItem\",\"position\":2,\"name\":\"\u00c0 propos\"}]},{\"@type\":\"WebSite\",\"@id\":\"https:\/\/taschereaumotors.com\/#website\",\"url\":\"https:\/\/taschereaumotors.com\/\",\"name\":\"Taschereau Motors\",\"description\":\"Votre concessionnaire automobile de confiance\",\"publisher\":{\"@id\":\"https:\/\/taschereaumotors.com\/#organization\"},\"potentialAction\":[{\"@type\":\"SearchAction\",\"target\":{\"@type\":\"EntryPoint\",\"urlTemplate\":\"https:\/\/taschereaumotors.com\/?s={search_term_string}\"},\"query-input\":{\"@type\":\"PropertyValueSpecification\",\"valueRequired\":true,\"valueName\":\"search_term_string\"}}],\"inLanguage\":\"en-CA\"},{\"@type\":\"Organization\",\"@id\":\"https:\/\/taschereaumotors.com\/#organization\",\"name\":\"Taschereau Motors\",\"url\":\"https:\/\/taschereaumotors.com\/\",\"logo\":{\"@type\":\"ImageObject\",\"inLanguage\":\"en-CA\",\"@id\":\"https:\/\/taschereaumotors.com\/#\/schema\/logo\/image\/\",\"url\":\"https:\/\/taschereaumotors.com\/wp-content\/uploads\/2025\/12\/logo-taschereau-motors.png\",\"contentUrl\":\"https:\/\/taschereaumotors.com\/wp-content\/uploads\/2025\/12\/logo-taschereau-motors.png\",\"width\":600,\"height\":600,\"caption\":\"Taschereau Motors\"},\"image\":{\"@id\":\"https:\/\/taschereaumotors.com\/#\/schema\/logo\/image\/\"},\"sameAs\":[\"https:\/\/www.facebook.com\/p\/Taschereau-Motors-61569135128958\/?locale=fr_CA\",\"https:\/\/www.instagram.com\/taschereaumotors\/\"]}]}<\/script>\n<!-- \/ Yoast SEO plugin. -->","yoast_head_json":{"title":"\u00c0 propos | Taschereau Motors","robots":{"index":"index","follow":"follow","max-snippet":"max-snippet:-1","max-image-preview":"max-image-preview:large","max-video-preview":"max-video-preview:-1"},"canonical":"https:\/\/taschereaumotors.com\/en\/a-propos\/","og_locale":"en_US","og_type":"article","og_title":"\u00c0 propos | Taschereau Motors","og_description":"Notre histoire L'aventure de Taschereau Motors Bienvenue chez Taschereau Motors Chez Taschereau Motors nous nous engageons \u00e0 offrir les meilleurs services automobiles pour r\u00e9pondre \u00e0 tous vos besoins. Notre r\u00e9putation repose sur notre capacit\u00e9 \u00e0 fournir des v\u00e9hicules de qualit\u00e9 et un service client exceptionnel. Nos Services Nous proposons une large gamme de services allant [&hellip;]","og_url":"https:\/\/taschereaumotors.com\/en\/a-propos\/","og_site_name":"Taschereau Motors","article_publisher":"https:\/\/www.facebook.com\/p\/Taschereau-Motors-61569135128958\/?locale=fr_CA","article_modified_time":"2025-12-26T20:45:41+00:00","og_image":[{"width":680,"height":510,"url":"https:\/\/taschereaumotors.com\/wp-content\/uploads\/2025\/12\/taschereau-motors.webp","type":"image\/webp"}],"twitter_card":"summary_large_image","schema":{"@context":"https:\/\/schema.org","@graph":[{"@type":"WebPage","@id":"https:\/\/taschereaumotors.com\/a-propos\/","url":"https:\/\/taschereaumotors.com\/a-propos\/","name":"\u00c0 propos | Taschereau Motors","isPartOf":{"@id":"https:\/\/taschereaumotors.com\/#website"},"primaryImageOfPage":{"@id":"https:\/\/taschereaumotors.com\/a-propos\/#primaryimage"},"image":{"@id":"https:\/\/taschereaumotors.com\/a-propos\/#primaryimage"},"thumbnailUrl":"https:\/\/taschereaumotors.com\/wp-content\/uploads\/2025\/12\/taschereau-motors.webp","datePublished":"2025-11-25T22:22:16+00:00","dateModified":"2025-12-26T20:45:41+00:00","breadcrumb":{"@id":"https:\/\/taschereaumotors.com\/a-propos\/#breadcrumb"},"inLanguage":"en-CA","potentialAction":[{"@type":"ReadAction","target":["https:\/\/taschereaumotors.com\/a-propos\/"]}]},{"@type":"ImageObject","inLanguage":"en-CA","@id":"https:\/\/taschereaumotors.com\/a-propos\/#primaryimage","url":"https:\/\/taschereaumotors.com\/wp-content\/uploads\/2025\/12\/taschereau-motors.webp","contentUrl":"https:\/\/taschereaumotors.com\/wp-content\/uploads\/2025\/12\/taschereau-motors.webp","width":680,"height":510,"caption":"Livraison de voiture chez Taschereau Moteurs, deux hommes sourient."},{"@type":"BreadcrumbList","@id":"https:\/\/taschereaumotors.com\/a-propos\/#breadcrumb","itemListElement":[{"@type":"ListItem","position":1,"name":"Accueil","item":"https:\/\/taschereaumotors.com\/"},{"@type":"ListItem","position":2,"name":"\u00c0 propos"}]},{"@type":"WebSite","@id":"https:\/\/taschereaumotors.com\/#website","url":"https:\/\/taschereaumotors.com\/","name":"Taschereau Motors","description":"Votre concessionnaire automobile de confiance","publisher":{"@id":"https:\/\/taschereaumotors.com\/#organization"},"potentialAction":[{"@type":"SearchAction","target":{"@type":"EntryPoint","urlTemplate":"https:\/\/taschereaumotors.com\/?s={search_term_string}"},"query-input":{"@type":"PropertyValueSpecification","valueRequired":true,"valueName":"search_term_string"}}],"inLanguage":"en-CA"},{"@type":"Organization","@id":"https:\/\/taschereaumotors.com\/#organization","name":"Taschereau Motors","url":"https:\/\/taschereaumotors.com\/","logo":{"@type":"ImageObject","inLanguage":"en-CA","@id":"https:\/\/taschereaumotors.com\/#\/schema\/logo\/image\/","url":"https:\/\/taschereaumotors.com\/wp-content\/uploads\/2025\/12\/logo-taschereau-motors.png","contentUrl":"https:\/\/taschereaumotors.com\/wp-content\/uploads\/2025\/12\/logo-taschereau-motors.png","width":600,"height":600,"caption":"Taschereau Motors"},"image":{"@id":"https:\/\/taschereaumotors.com\/#\/schema\/logo\/image\/"},"sameAs":["https:\/\/www.facebook.com\/p\/Taschereau-Motors-61569135128958\/?locale=fr_CA","https:\/\/www.instagram.com\/taschereaumotors\/"]}]}},"_hostinger_reach_plugin_has_subscription_block":false,"_hostinger_reach_plugin_is_elementor":false,"_links":{"self":[{"href":"https:\/\/taschereaumotors.com\/en\/wp-json\/wp\/v2\/pages\/396","targetHints":{"allow":["GET"]}}],"collection":[{"href":"https:\/\/taschereaumotors.com\/en\/wp-json\/wp\/v2\/pages"}],"about":[{"href":"https:\/\/taschereaumotors.com\/en\/wp-json\/wp\/v2\/types\/page"}],"author":[{"embeddable":true,"href":"https:\/\/taschereaumotors.com\/en\/wp-json\/wp\/v2\/users\/1"}],"replies":[{"embeddable":true,"href":"https:\/\/taschereaumotors.com\/en\/wp-json\/wp\/v2\/comments?post=396"}],"version-history":[{"count":15,"href":"https:\/\/taschereaumotors.com\/en\/wp-json\/wp\/v2\/pages\/396\/revisions"}],"predecessor-version":[{"id":4256,"href":"https:\/\/taschereaumotors.com\/en\/wp-json\/wp\/v2\/pages\/396\/revisions\/4256"}],"wp:featuredmedia":[{"embeddable":true,"href":"https:\/\/taschereaumotors.com\/en\/wp-json\/wp\/v2\/media\/3394"}],"wp:attachment":[{"href":"https:\/\/taschereaumotors.com\/en\/wp-json\/wp\/v2\/media?parent=396"}],"curies":[{"name":"wp","href":"https:\/\/api.w.org\/{rel}","templated":true}]}}