{"id":4079,"date":"2025-12-24T02:02:01","date_gmt":"2025-12-24T02:02:01","guid":{"rendered":"https:\/\/taschereaumotors.com\/?page_id=4079"},"modified":"2025-12-25T22:48:08","modified_gmt":"2025-12-25T22:48:08","slug":"essai-routier","status":"publish","type":"page","link":"https:\/\/taschereaumotors.com\/en\/essai-routier\/","title":{"rendered":"Road test"},"content":{"rendered":"<section class=\"bde-section-4079-100 bde-section\">\n  \n  \n\t\n\n\n\n<div class=\"section-container\"><div class=\"bde-shortcode-4079-101 bde-shortcode\">        <div class=\"tm-test-drive\" id=\"tm-test-drive-69e1e00b7e812\"\n             data-tm-test-drive=\"1\"\n             data-success-message=\"Merci! Votre demande d\u2019essai routier a \u00e9t\u00e9 envoy\u00e9e. Nous vous contacterons rapidement.\"\n             data-default-id=\"0\"\n             data-default-vin=\"\"\n             data-default-stock=\"\"\n             data-results-limit=\"8\"\n             data-min-chars=\"2\">\n            <div class=\"tm-test-drive-header\">\n                <h2 class=\"tm-test-drive-title\">Schedule a test drive<\/h2>\n                <p class=\"tm-test-drive-subtitle\">Choose a template and send your request in seconds.<\/p>\n            <\/div>\n\n            <section class=\"tm-test-drive-section tm-test-drive-section--model\">\n                <div class=\"tm-test-drive-section-header\">\n                    <h3 class=\"tm-test-drive-section-title\">Select a model<\/h3>\n                <\/div>\n                <div class=\"tm-test-drive-selection-wrapper\">\n                    <div class=\"tm-test-drive-selection-left\">\n                        <div class=\"tm-test-drive-search\" data-tm-search-wrap>\n                            <label class=\"tm-test-drive-label\" for=\"tm-test-drive-69e1e00b7e812-search\">Search for a model<\/label>\n                            <input id=\"tm-test-drive-69e1e00b7e812-search\" class=\"tm-test-drive-input\" type=\"text\" data-tm-search placeholder=\"Make, model, year, VIN.\">\n                            <div class=\"tm-test-drive-results\" data-tm-results><\/div>\n                        <\/div>\n                        <div class=\"tm-test-drive-selected\" data-tm-selected><\/div>\n                    <\/div>\n                    <div class=\"tm-test-drive-selection-right\" data-tm-media-preview>\n                        <div class=\"tm-test-drive-default-preview\">\n                                                            <img decoding=\"async\" src=\"https:\/\/taschereaumotors.com\/wp-content\/uploads\/2025\/12\/fallback-hero-image.jpg\" alt=\"Image par d\u00e9faut\" class=\"tm-test-drive-default-image\">\n                                                    <\/div>\n                    <\/div>\n                <\/div>\n            <\/section>\n\n            <section class=\"tm-test-drive-section tm-test-drive-section--location\">\n                <div class=\"tm-test-drive-section-header\">\n                    <h3 class=\"tm-test-drive-section-title\">Choose a time for your appointment<\/h3>\n                <\/div>\n                <div class=\"tm-test-drive-location-wrapper\">\n                    <div class=\"tm-test-drive-location-left\">\n                        <div class=\"tm-test-drive-location-selector\" data-tm-location-selector>\n                                                        <div class=\"tm-test-drive-location-display\" data-tm-location-name=\"Taschereau Motors\">\n                                <div class=\"tm-test-drive-location-icon\">\n                                    <svg width=\"20\" height=\"20\" viewbox=\"0 0 20 20\" fill=\"none\" xmlns=\"http:\/\/www.w3.org\/2000\/svg\">\n                                        <path d=\"M10 2C6.13 2 3 5.13 3 9c0 5.25 7 11 7 11s7-5.75 7-11c0-3.87-3.13-7-7-7zm0 9.5c-1.38 0-2.5-1.12-2.5-2.5s1.12-2.5 2.5-2.5 2.5 1.12 2.5 2.5-1.12 2.5-2.5 2.5z\" fill=\"currentColor\"\/>\n                                    <\/svg>\n                                <\/div>\n                                <div class=\"tm-test-drive-location-info\">\n                                    <div class=\"tm-test-drive-location-name\">Taschereau Motors<\/div>\n                                    <div class=\"tm-test-drive-location-address\">In Place Portofino, 90 Taschereau Blvd suite 108, La Prairie, Quebec J5R 1S8<\/div>\n                                <\/div>\n                            <\/div>\n                            <div class=\"tm-test-drive-location-fields\">\n                                <label class=\"tm-test-drive-field\">\n                                    <span>Date<\/span>\n                                    <input type=\"date\" name=\"appointment_date\" data-tm-field required min=\"2026-04-17\" form=\"tm-test-drive-69e1e00b7e812-form\">\n                                <\/label>\n                                <label class=\"tm-test-drive-field\">\n                                    <span>Time<\/span>\n                                    <select name=\"appointment_time\" data-tm-field required form=\"tm-test-drive-69e1e00b7e812-form\">\n                                        <option value=\"\">Choose a time<\/option>\n                                        <option value=\"10:30\">10:30<\/option><option value=\"11:00\">11:00<\/option><option value=\"11:30\">11:30<\/option><option value=\"12:00\">12:00<\/option><option value=\"12:30\">12:30<\/option><option value=\"13:00\">13:00<\/option><option value=\"13:30\">13:30<\/option><option value=\"14:00\">14:00<\/option><option value=\"14:30\">14:30<\/option><option value=\"15:00\">15:00<\/option><option value=\"15:30\">15:30<\/option><option value=\"16:00\">16:00<\/option><option value=\"16:30\">16:30<\/option><option value=\"17:00\">17:00<\/option><option value=\"17:30\">17:30<\/option><option value=\"18:00\">18:00<\/option>                                    <\/select>\n                                <\/label>\n                            <\/div>\n                        <\/div>\n                    <\/div>\n                    <div class=\"tm-test-drive-location-right\">\n                        <div class=\"tm-test-drive-map-container\" data-tm-map-container>\n                            <iframe src=\"https:\/\/www.google.com\/maps?q=Taschereau%20Motors%2C%2090%20Boulevard%20Taschereau%20Suite%20108%2C%20La%20Prairie%2C%20QC%20J5R%201S8&amp;output=embed\" width=\"100%\" height=\"450\" style=\"border:0\" loading=\"lazy\" referrerpolicy=\"no-referrer-when-downgrade\" allowfullscreen>\r\n<\/iframe>\r\n                        <\/div>\n                    <\/div>\n                <\/div>\n            <\/section>\n\n            <section class=\"bde-section-4153-100-4153-1 bde-section bde-section-4153-100\">\n  \n  \n\t\n\n\n\n<div class=\"section-container\"><div class=\"bde-columns-4153-103-4153-1 bde-columns bde-columns-4153-103\"><div class=\"bde-column-4153-104-4153-1 bde-column bde-column-4153-104\">\n  \n  \n\t\n\n\n\n<h4 class=\"bde-heading-4153-101-4153-1 bde-heading bde-heading-4153-101\">\nWhat to expect\n<\/h4><div class=\"bde-text-4153-102-4153-1 bde-text bde-text-4153-102\">\nThe staff at Taschereau Motors will answer all your questions. Discover the specifications, understand how it works, and much more.\n<\/div>\n<\/div><div class=\"bde-column-4153-105-4153-1 bde-column bde-column-4153-105\">\n  \n  \n\t\n\n\n\n<div class=\"bde-button-4153-106-4153-1 bde-button bde-button-4153-106\">\n    \n                                    \n    \n    \n    \n    \n            \n                    \n            \n                           \n                       \n                 \n\n    \n    \n    \n                    \n    \n    <a class=\"breakdance-link button-atom button-atom--primary bde-button__button\" href=\"#\" target=\"_self\" data-type=\"action\"  data-action='{\"type\":\"popup\",\"popupOptions\":{\"popupId\":\"4157\",\"popupAction\":\"open\"}}' >\n\n    \n        <span class=\"button-atom__text\">Learn more<\/span>\n\n        \n        \n                <\/a>\n\n    \n\n\n<\/div>\n<\/div><\/div><\/div>\n<\/section>\n            <section class=\"tm-test-drive-section tm-test-drive-section--driver\">\n                <div class=\"tm-test-drive-section-header\">\n                    <h3 class=\"tm-test-drive-section-title\">Details about the driver<\/h3>\n                <\/div>\n                <form class=\"tm-test-drive-form\" data-tm-form id=\"tm-test-drive-69e1e00b7e812-form\" action=\"\">\n                    <input type=\"hidden\" name=\"listing_id\" value=\"\">\n                    <input type=\"hidden\" name=\"location\" value=\"Taschereau Motors|In Place Portofino, 90 Taschereau Blvd suite 108, La Prairie, Quebec J5R 1S8\">\n                    <div class=\"tm-test-drive-driver-wrapper\">\n                        <div class=\"tm-test-drive-driver-left\">\n                            <div class=\"tm-test-drive-driver-fields-grid\">\n                                <label class=\"tm-test-drive-field\">\n                                    <span>First name<\/span>\n                                    <input type=\"text\" name=\"customer_first_name\" data-tm-field required placeholder=\"Your first name\">\n                                <\/label>\n                                <label class=\"tm-test-drive-field\">\n                                    <span>Name<\/span>\n                                    <input type=\"text\" name=\"customer_last_name\" data-tm-field required placeholder=\"Your last name\">\n                                <\/label>\n                                <label class=\"tm-test-drive-field\">\n                                    <span>Email address<\/span>\n                                    <input type=\"email\" name=\"customer_email\" data-tm-field required placeholder=\"you@example.com\">\n                                <\/label>\n                                <label class=\"tm-test-drive-field\">\n                                    <span>Phone number<\/span>\n                                    <input type=\"tel\" name=\"customer_phone\" data-tm-field data-tm-phone required placeholder=\"(XXX)-XXX-XXXX\" maxlength=\"10\" pattern=\"[0-9]{10}\" title=\"Please enter 10 digits only\">\n                                <\/label>\n                            <\/div>\n                            <label class=\"tm-test-drive-checkbox\">\n                                <input type=\"checkbox\" name=\"newsletter\" value=\"1\">\n                                <span>Subscribe to the newsletter<\/span>\n                            <\/label>\n\n                            <div class=\"tm-test-drive-status\" data-tm-status role=\"status\" aria-live=\"polite\"><\/div>\n\n                            <button type=\"submit\" class=\"tm-test-drive-submit\" data-tm-submit>Submit<\/button>\n                        <\/div>\n                        <div class=\"tm-test-drive-driver-right\">\n                            <div class=\"tm-test-drive-summary\" data-tm-summary>\n                                <div class=\"tm-test-drive-summary-image\" data-tm-summary-image>\n                                                                            <img decoding=\"async\" src=\"https:\/\/taschereaumotors.com\/wp-content\/uploads\/2025\/12\/fallback-hero-image.jpg\" alt=\"Image par d\u00e9faut\">\n                                                                    <\/div>\n                              \n                                <div class=\"tm-test-drive-summary-details\">\n                                    <div class=\"tm-test-drive-summary-name\" data-tm-summary-name><\/div>\n                                    <div class=\"tm-test-drive-summary-info\" data-tm-summary-info><\/div>\n                                    <div class=\"tm-test-drive-summary-address\">\n                                    In Place Portofino, 90 Taschereau Blvd suite 108, La Prairie, Quebec J5R 1S8                                <\/div>\n                                <\/div>\n                            <\/div>\n                        <\/div>\n                    <\/div>\n                <input type=\"hidden\" name=\"trp-form-language\" value=\"en\"\/><\/form>\n            <\/section>\n        <\/div>\n        <\/div><\/div>\n<\/section>","protected":false},"excerpt":{"rendered":"<p>Planifier un essai routier Choisissez un mod\u00e8le et envoyez votre demande en quelques secondes. S\u00e9lectionnez un mod\u00e8le Rechercher un mod\u00e8le Choisir l&rsquo;heure pour votre rendez-vous Taschereau Motors In Place Portofino, 90 Taschereau Blvd suite 108, La Prairie, Quebec J5R 1S8 Date Heure Choisir une heure 10:3011:0011:3012:0012:3013:0013:3014:0014:3015:0015:3016:0016:3017:0017:3018:00 \u00c0 quoi s&rsquo;attendre Le personnel de Taschereau Motors r\u00e9pondra [&hellip;]<\/p>","protected":false},"author":1,"featured_media":0,"parent":0,"menu_order":0,"comment_status":"closed","ping_status":"closed","template":"","meta":{"_breakdance_hide_in_design_set":false,"_breakdance_tags":"","footnotes":""},"class_list":["post-4079","page","type-page","status-publish","hentry"],"acf":[],"yoast_head":"<!-- This site is optimized with the Yoast SEO plugin v26.6 - https:\/\/yoast.com\/wordpress\/plugins\/seo\/ -->\n<title>Essai routier | Taschereau Motors<\/title>\n<meta name=\"robots\" content=\"index, follow, max-snippet:-1, max-image-preview:large, max-video-preview:-1\" \/>\n<link rel=\"canonical\" href=\"https:\/\/taschereaumotors.com\/en\/essai-routier\/\" \/>\n<meta property=\"og:locale\" content=\"en_US\" \/>\n<meta property=\"og:type\" content=\"article\" \/>\n<meta property=\"og:title\" content=\"Essai routier | Taschereau Motors\" \/>\n<meta property=\"og:description\" content=\"Planifier un essai routier Choisissez un mod\u00e8le et envoyez votre demande en quelques secondes. S\u00e9lectionnez un mod\u00e8le Rechercher un mod\u00e8le Choisir l&#039;heure pour votre rendez-vous Taschereau Motors In Place Portofino, 90 Taschereau Blvd suite 108, La Prairie, Quebec J5R 1S8 Date Heure Choisir une heure 10:3011:0011:3012:0012:3013:0013:3014:0014:3015:0015:3016:0016:3017:0017:3018:00 \u00c0 quoi s&#039;attendre Le personnel de Taschereau Motors r\u00e9pondra [&hellip;]\" \/>\n<meta property=\"og:url\" content=\"https:\/\/taschereaumotors.com\/en\/essai-routier\/\" \/>\n<meta property=\"og:site_name\" content=\"Taschereau Motors\" \/>\n<meta property=\"article:publisher\" content=\"https:\/\/www.facebook.com\/p\/Taschereau-Motors-61569135128958\/?locale=fr_CA\" \/>\n<meta property=\"article:modified_time\" content=\"2025-12-25T22:48:08+00:00\" \/>\n<meta property=\"og:image\" content=\"https:\/\/taschereaumotors.com\/wp-content\/uploads\/2025\/12\/fallback-hero-image.jpg\" \/>\n\t<meta property=\"og:image:width\" content=\"2048\" \/>\n\t<meta property=\"og:image:height\" content=\"1536\" \/>\n\t<meta property=\"og:image:type\" content=\"image\/jpeg\" \/>\n<meta name=\"twitter:card\" content=\"summary_large_image\" \/>\n<meta name=\"twitter:label1\" content=\"Est. reading time\" \/>\n\t<meta name=\"twitter:data1\" content=\"1 minute\" \/>\n<script type=\"application\/ld+json\" class=\"yoast-schema-graph\">{\"@context\":\"https:\/\/schema.org\",\"@graph\":[{\"@type\":\"WebPage\",\"@id\":\"https:\/\/taschereaumotors.com\/essai-routier\/\",\"url\":\"https:\/\/taschereaumotors.com\/essai-routier\/\",\"name\":\"Essai routier | Taschereau Motors\",\"isPartOf\":{\"@id\":\"https:\/\/taschereaumotors.com\/#website\"},\"datePublished\":\"2025-12-24T02:02:01+00:00\",\"dateModified\":\"2025-12-25T22:48:08+00:00\",\"breadcrumb\":{\"@id\":\"https:\/\/taschereaumotors.com\/essai-routier\/#breadcrumb\"},\"inLanguage\":\"en-CA\",\"potentialAction\":[{\"@type\":\"ReadAction\",\"target\":[\"https:\/\/taschereaumotors.com\/essai-routier\/\"]}]},{\"@type\":\"BreadcrumbList\",\"@id\":\"https:\/\/taschereaumotors.com\/essai-routier\/#breadcrumb\",\"itemListElement\":[{\"@type\":\"ListItem\",\"position\":1,\"name\":\"Accueil\",\"item\":\"https:\/\/taschereaumotors.com\/\"},{\"@type\":\"ListItem\",\"position\":2,\"name\":\"Essai routier\"}]},{\"@type\":\"WebSite\",\"@id\":\"https:\/\/taschereaumotors.com\/#website\",\"url\":\"https:\/\/taschereaumotors.com\/\",\"name\":\"Taschereau Motors\",\"description\":\"Votre concessionnaire automobile de confiance\",\"publisher\":{\"@id\":\"https:\/\/taschereaumotors.com\/#organization\"},\"potentialAction\":[{\"@type\":\"SearchAction\",\"target\":{\"@type\":\"EntryPoint\",\"urlTemplate\":\"https:\/\/taschereaumotors.com\/?s={search_term_string}\"},\"query-input\":{\"@type\":\"PropertyValueSpecification\",\"valueRequired\":true,\"valueName\":\"search_term_string\"}}],\"inLanguage\":\"en-CA\"},{\"@type\":\"Organization\",\"@id\":\"https:\/\/taschereaumotors.com\/#organization\",\"name\":\"Taschereau Motors\",\"url\":\"https:\/\/taschereaumotors.com\/\",\"logo\":{\"@type\":\"ImageObject\",\"inLanguage\":\"en-CA\",\"@id\":\"https:\/\/taschereaumotors.com\/#\/schema\/logo\/image\/\",\"url\":\"https:\/\/taschereaumotors.com\/wp-content\/uploads\/2025\/12\/logo-taschereau-motors.png\",\"contentUrl\":\"https:\/\/taschereaumotors.com\/wp-content\/uploads\/2025\/12\/logo-taschereau-motors.png\",\"width\":600,\"height\":600,\"caption\":\"Taschereau Motors\"},\"image\":{\"@id\":\"https:\/\/taschereaumotors.com\/#\/schema\/logo\/image\/\"},\"sameAs\":[\"https:\/\/www.facebook.com\/p\/Taschereau-Motors-61569135128958\/?locale=fr_CA\",\"https:\/\/www.instagram.com\/taschereaumotors\/\"]}]}<\/script>\n<!-- \/ Yoast SEO plugin. -->","yoast_head_json":{"title":"Essai routier | Taschereau Motors","robots":{"index":"index","follow":"follow","max-snippet":"max-snippet:-1","max-image-preview":"max-image-preview:large","max-video-preview":"max-video-preview:-1"},"canonical":"https:\/\/taschereaumotors.com\/en\/essai-routier\/","og_locale":"en_US","og_type":"article","og_title":"Essai routier | Taschereau Motors","og_description":"Planifier un essai routier Choisissez un mod\u00e8le et envoyez votre demande en quelques secondes. S\u00e9lectionnez un mod\u00e8le Rechercher un mod\u00e8le Choisir l'heure pour votre rendez-vous Taschereau Motors In Place Portofino, 90 Taschereau Blvd suite 108, La Prairie, Quebec J5R 1S8 Date Heure Choisir une heure 10:3011:0011:3012:0012:3013:0013:3014:0014:3015:0015:3016:0016:3017:0017:3018:00 \u00c0 quoi s'attendre Le personnel de Taschereau Motors r\u00e9pondra [&hellip;]","og_url":"https:\/\/taschereaumotors.com\/en\/essai-routier\/","og_site_name":"Taschereau Motors","article_publisher":"https:\/\/www.facebook.com\/p\/Taschereau-Motors-61569135128958\/?locale=fr_CA","article_modified_time":"2025-12-25T22:48:08+00:00","og_image":[{"width":2048,"height":1536,"url":"https:\/\/taschereaumotors.com\/wp-content\/uploads\/2025\/12\/fallback-hero-image.jpg","type":"image\/jpeg"}],"twitter_card":"summary_large_image","twitter_misc":{"Est. reading time":"1 minute"},"schema":{"@context":"https:\/\/schema.org","@graph":[{"@type":"WebPage","@id":"https:\/\/taschereaumotors.com\/essai-routier\/","url":"https:\/\/taschereaumotors.com\/essai-routier\/","name":"Essai routier | Taschereau Motors","isPartOf":{"@id":"https:\/\/taschereaumotors.com\/#website"},"datePublished":"2025-12-24T02:02:01+00:00","dateModified":"2025-12-25T22:48:08+00:00","breadcrumb":{"@id":"https:\/\/taschereaumotors.com\/essai-routier\/#breadcrumb"},"inLanguage":"en-CA","potentialAction":[{"@type":"ReadAction","target":["https:\/\/taschereaumotors.com\/essai-routier\/"]}]},{"@type":"BreadcrumbList","@id":"https:\/\/taschereaumotors.com\/essai-routier\/#breadcrumb","itemListElement":[{"@type":"ListItem","position":1,"name":"Accueil","item":"https:\/\/taschereaumotors.com\/"},{"@type":"ListItem","position":2,"name":"Essai routier"}]},{"@type":"WebSite","@id":"https:\/\/taschereaumotors.com\/#website","url":"https:\/\/taschereaumotors.com\/","name":"Taschereau Motors","description":"Votre concessionnaire automobile de confiance","publisher":{"@id":"https:\/\/taschereaumotors.com\/#organization"},"potentialAction":[{"@type":"SearchAction","target":{"@type":"EntryPoint","urlTemplate":"https:\/\/taschereaumotors.com\/?s={search_term_string}"},"query-input":{"@type":"PropertyValueSpecification","valueRequired":true,"valueName":"search_term_string"}}],"inLanguage":"en-CA"},{"@type":"Organization","@id":"https:\/\/taschereaumotors.com\/#organization","name":"Taschereau Motors","url":"https:\/\/taschereaumotors.com\/","logo":{"@type":"ImageObject","inLanguage":"en-CA","@id":"https:\/\/taschereaumotors.com\/#\/schema\/logo\/image\/","url":"https:\/\/taschereaumotors.com\/wp-content\/uploads\/2025\/12\/logo-taschereau-motors.png","contentUrl":"https:\/\/taschereaumotors.com\/wp-content\/uploads\/2025\/12\/logo-taschereau-motors.png","width":600,"height":600,"caption":"Taschereau Motors"},"image":{"@id":"https:\/\/taschereaumotors.com\/#\/schema\/logo\/image\/"},"sameAs":["https:\/\/www.facebook.com\/p\/Taschereau-Motors-61569135128958\/?locale=fr_CA","https:\/\/www.instagram.com\/taschereaumotors\/"]}]}},"_hostinger_reach_plugin_has_subscription_block":false,"_hostinger_reach_plugin_is_elementor":false,"_links":{"self":[{"href":"https:\/\/taschereaumotors.com\/en\/wp-json\/wp\/v2\/pages\/4079","targetHints":{"allow":["GET"]}}],"collection":[{"href":"https:\/\/taschereaumotors.com\/en\/wp-json\/wp\/v2\/pages"}],"about":[{"href":"https:\/\/taschereaumotors.com\/en\/wp-json\/wp\/v2\/types\/page"}],"author":[{"embeddable":true,"href":"https:\/\/taschereaumotors.com\/en\/wp-json\/wp\/v2\/users\/1"}],"replies":[{"embeddable":true,"href":"https:\/\/taschereaumotors.com\/en\/wp-json\/wp\/v2\/comments?post=4079"}],"version-history":[{"count":12,"href":"https:\/\/taschereaumotors.com\/en\/wp-json\/wp\/v2\/pages\/4079\/revisions"}],"predecessor-version":[{"id":4189,"href":"https:\/\/taschereaumotors.com\/en\/wp-json\/wp\/v2\/pages\/4079\/revisions\/4189"}],"wp:attachment":[{"href":"https:\/\/taschereaumotors.com\/en\/wp-json\/wp\/v2\/media?parent=4079"}],"curies":[{"name":"wp","href":"https:\/\/api.w.org\/{rel}","templated":true}]}}