{"id":5393,"date":"2025-12-30T23:10:55","date_gmt":"2025-12-30T23:10:55","guid":{"rendered":"https:\/\/taschereaumotors.com\/?page_id=5393"},"modified":"2025-12-30T23:15:59","modified_gmt":"2025-12-30T23:15:59","slug":"comparaison","status":"publish","type":"page","link":"https:\/\/taschereaumotors.com\/en\/comparaison\/","title":{"rendered":"Comparison"},"content":{"rendered":"<section class=\"bde-section-5393-100 bde-section\" data-entrance=\"fade\">\n              \n  \n  \n\t\n\n  <div class=\"section-background-overlay\"><\/div>\n\n\n<div class=\"section-container\"><div class=\"bde-div-5393-101 bde-div\">\n  \n  \n\t\n\n\n\n<div class=\"bde-text-5393-102 bde-text\" data-entrance=\"fade\">\nComparison\n<\/div><h1 class=\"bde-heading-5393-103 bde-heading\" data-entrance=\"fade\">\nVehicle comparison\n<\/h1><div class=\"bde-text-5393-104 bde-text\" data-entrance=\"fade\">\nThis page allows you to compare a vehicle according to essential criteria such as performance, consumption, comfort and cost. Thanks to a simple and structured analysis, you can quickly identify the strengths and differences in order to make an informed choice, adapted to your needs and your use.\n<\/div>\n<\/div><\/div>\n<\/section><section class=\"bde-section-5393-105 bde-section\">\n  \n  \n\t\n\n\n\n<div class=\"section-container\"><div class=\"bde-shortcode-5393-106 bde-shortcode\">        <div class=\"tm-compare\" id=\"tm-compare-69e1e00b32d90\"\n             data-tm-compare=\"1\"\n             data-default-id=\"0\"\n             data-default-compare-id=\"0\"\n             data-results-limit=\"8\"\n             data-min-chars=\"2\">\n            <div class=\"tm-compare-header\">\n                <h2 class=\"tm-compare-title\">Compare two vehicles<\/h2>\n                                    <p class=\"tm-compare-subtitle\">Select another vehicle to view the differences.<\/p>\n                            <\/div>\n\n            <div class=\"tm-compare-selection\">\n                <div class=\"tm-compare-vehicle\">\n                    <div class=\"tm-compare-media\" data-tm-compare-primary-media><\/div>\n                    <div class=\"tm-compare-card\">\n                        <div class=\"tm-compare-card-body\">\n                            <div class=\"tm-compare-card-heading\">\n                                <h3 class=\"tm-compare-card-title\">Vehicle 1<\/h3>\n                                <p class=\"tm-compare-card-subtitle\">Search for a vehicle.<\/p>\n                            <\/div>\n                        <div class=\"tm-compare-search\">\n                            <div class=\"tm-compare-field\">\n                                <label class=\"tm-compare-label\" for=\"tm-compare-69e1e00b32d90-primary-search\">Search for a model<\/label>\n                                <input id=\"tm-compare-69e1e00b32d90-primary-search\"\n                                       class=\"tm-compare-input\"\n                                       type=\"text\"\n                                       data-tm-compare-primary-search\n placeholder=\"Make, model, year, VIN.\">\n                            <\/div>\n                            <div class=\"tm-compare-results\" data-tm-compare-primary-results><\/div>\n                        <\/div>\n                            <div class=\"tm-compare-selected\" data-tm-compare-primary><\/div>\n                        <\/div>\n                    <\/div>\n                <\/div>\n\n                <div class=\"tm-compare-vehicle\">\n                    <div class=\"tm-compare-media\" data-tm-compare-secondary-media><\/div>\n                    <div class=\"tm-compare-card\">\n                        <div class=\"tm-compare-card-body\">\n                            <div class=\"tm-compare-card-heading\">\n                                <h3 class=\"tm-compare-card-title\">Vehicle 2<\/h3>\n                                <p class=\"tm-compare-card-subtitle\">Choose a vehicle to compare.<\/p>\n                            <\/div>\n                        <div class=\"tm-compare-search\">\n                            <div class=\"tm-compare-field\">\n                                <label class=\"tm-compare-label\" for=\"tm-compare-69e1e00b32d90-secondary-search\">Search for a model<\/label>\n                                <input id=\"tm-compare-69e1e00b32d90-secondary-search\"\n                                       class=\"tm-compare-input\"\n                                       type=\"text\"\n                                       data-tm-compare-secondary-search\n placeholder=\"Make, model, year, VIN.\">\n                            <\/div>\n                            <div class=\"tm-compare-results\" data-tm-compare-secondary-results><\/div>\n                        <\/div>\n                            <div class=\"tm-compare-selected\" data-tm-compare-secondary><\/div>\n                        <\/div>\n                    <\/div>\n                <\/div>\n            <\/div>\n\n            <div class=\"tm-compare-blocks-card\" data-tm-compare-blocks-card>\n                <div class=\"tm-compare-blocks-header\">\n                    <h3>Comparison<\/h3>\n                    <p class=\"tm-compare-blocks-note\" data-tm-compare-blocks-note>Choisissez deux v\u00e9hicules pour afficher les informations.<\/p>\n                <\/div>\n                <div class=\"tm-compare-blocks-scroll\">\n                    <div class=\"tm-compare-blocks\" data-tm-compare-blocks><\/div>\n                <\/div>\n            <\/div>\n\n            <div class=\"tm-compare-status\" data-tm-compare-status role=\"status\" aria-live=\"polite\"><\/div>\n        <\/div>\n        <\/div><\/div>\n<\/section>","protected":false},"excerpt":{"rendered":"<p>Comparaison Comparaison de v\u00e9hicules Cette page vous permet de comparer un v\u00e9hicule selon des crit\u00e8res essentiels tels que les performances, la consommation, le confort et le co\u00fbt. Gr\u00e2ce \u00e0 une analyse simple et structur\u00e9e, vous pouvez identifier rapidement les points forts et les diff\u00e9rences afin de faire un choix \u00e9clair\u00e9, adapt\u00e9 \u00e0 vos besoins et [&hellip;]<\/p>","protected":false},"author":1,"featured_media":0,"parent":0,"menu_order":0,"comment_status":"closed","ping_status":"closed","template":"","meta":{"_breakdance_hide_in_design_set":false,"_breakdance_tags":"","footnotes":""},"class_list":["post-5393","page","type-page","status-publish","hentry"],"acf":[],"yoast_head":"<!-- This site is optimized with the Yoast SEO plugin v26.6 - https:\/\/yoast.com\/wordpress\/plugins\/seo\/ -->\n<title>Comparaison | Taschereau Motors<\/title>\n<meta name=\"robots\" content=\"index, follow, max-snippet:-1, max-image-preview:large, max-video-preview:-1\" \/>\n<link rel=\"canonical\" href=\"https:\/\/taschereaumotors.com\/en\/comparaison\/\" \/>\n<meta property=\"og:locale\" content=\"en_US\" \/>\n<meta property=\"og:type\" content=\"article\" \/>\n<meta property=\"og:title\" content=\"Comparaison | Taschereau Motors\" \/>\n<meta property=\"og:description\" content=\"Comparaison Comparaison de v\u00e9hicules Cette page vous permet de comparer un v\u00e9hicule selon des crit\u00e8res essentiels tels que les performances, la consommation, le confort et le co\u00fbt. Gr\u00e2ce \u00e0 une analyse simple et structur\u00e9e, vous pouvez identifier rapidement les points forts et les diff\u00e9rences afin de faire un choix \u00e9clair\u00e9, adapt\u00e9 \u00e0 vos besoins et [&hellip;]\" \/>\n<meta property=\"og:url\" content=\"https:\/\/taschereaumotors.com\/en\/comparaison\/\" \/>\n<meta property=\"og:site_name\" content=\"Taschereau Motors\" \/>\n<meta property=\"article:publisher\" content=\"https:\/\/www.facebook.com\/p\/Taschereau-Motors-61569135128958\/?locale=fr_CA\" \/>\n<meta property=\"article:modified_time\" content=\"2025-12-30T23:15:59+00:00\" \/>\n<meta property=\"og:image\" content=\"https:\/\/taschereaumotors.com\/wp-content\/uploads\/2025\/12\/fallback-hero-image.jpg\" \/>\n\t<meta property=\"og:image:width\" content=\"2048\" \/>\n\t<meta property=\"og:image:height\" content=\"1536\" \/>\n\t<meta property=\"og:image:type\" content=\"image\/jpeg\" \/>\n<meta name=\"twitter:card\" content=\"summary_large_image\" \/>\n<script type=\"application\/ld+json\" class=\"yoast-schema-graph\">{\"@context\":\"https:\/\/schema.org\",\"@graph\":[{\"@type\":\"WebPage\",\"@id\":\"https:\/\/taschereaumotors.com\/comparaison\/\",\"url\":\"https:\/\/taschereaumotors.com\/comparaison\/\",\"name\":\"Comparaison | Taschereau Motors\",\"isPartOf\":{\"@id\":\"https:\/\/taschereaumotors.com\/#website\"},\"datePublished\":\"2025-12-30T23:10:55+00:00\",\"dateModified\":\"2025-12-30T23:15:59+00:00\",\"breadcrumb\":{\"@id\":\"https:\/\/taschereaumotors.com\/comparaison\/#breadcrumb\"},\"inLanguage\":\"en-CA\",\"potentialAction\":[{\"@type\":\"ReadAction\",\"target\":[\"https:\/\/taschereaumotors.com\/comparaison\/\"]}]},{\"@type\":\"BreadcrumbList\",\"@id\":\"https:\/\/taschereaumotors.com\/comparaison\/#breadcrumb\",\"itemListElement\":[{\"@type\":\"ListItem\",\"position\":1,\"name\":\"Accueil\",\"item\":\"https:\/\/taschereaumotors.com\/\"},{\"@type\":\"ListItem\",\"position\":2,\"name\":\"Comparaison\"}]},{\"@type\":\"WebSite\",\"@id\":\"https:\/\/taschereaumotors.com\/#website\",\"url\":\"https:\/\/taschereaumotors.com\/\",\"name\":\"Taschereau Motors\",\"description\":\"Votre concessionnaire automobile de confiance\",\"publisher\":{\"@id\":\"https:\/\/taschereaumotors.com\/#organization\"},\"potentialAction\":[{\"@type\":\"SearchAction\",\"target\":{\"@type\":\"EntryPoint\",\"urlTemplate\":\"https:\/\/taschereaumotors.com\/?s={search_term_string}\"},\"query-input\":{\"@type\":\"PropertyValueSpecification\",\"valueRequired\":true,\"valueName\":\"search_term_string\"}}],\"inLanguage\":\"en-CA\"},{\"@type\":\"Organization\",\"@id\":\"https:\/\/taschereaumotors.com\/#organization\",\"name\":\"Taschereau Motors\",\"url\":\"https:\/\/taschereaumotors.com\/\",\"logo\":{\"@type\":\"ImageObject\",\"inLanguage\":\"en-CA\",\"@id\":\"https:\/\/taschereaumotors.com\/#\/schema\/logo\/image\/\",\"url\":\"https:\/\/taschereaumotors.com\/wp-content\/uploads\/2025\/12\/logo-taschereau-motors.png\",\"contentUrl\":\"https:\/\/taschereaumotors.com\/wp-content\/uploads\/2025\/12\/logo-taschereau-motors.png\",\"width\":600,\"height\":600,\"caption\":\"Taschereau Motors\"},\"image\":{\"@id\":\"https:\/\/taschereaumotors.com\/#\/schema\/logo\/image\/\"},\"sameAs\":[\"https:\/\/www.facebook.com\/p\/Taschereau-Motors-61569135128958\/?locale=fr_CA\",\"https:\/\/www.instagram.com\/taschereaumotors\/\"]}]}<\/script>\n<!-- \/ Yoast SEO plugin. -->","yoast_head_json":{"title":"Comparaison | Taschereau Motors","robots":{"index":"index","follow":"follow","max-snippet":"max-snippet:-1","max-image-preview":"max-image-preview:large","max-video-preview":"max-video-preview:-1"},"canonical":"https:\/\/taschereaumotors.com\/en\/comparaison\/","og_locale":"en_US","og_type":"article","og_title":"Comparaison | Taschereau Motors","og_description":"Comparaison Comparaison de v\u00e9hicules Cette page vous permet de comparer un v\u00e9hicule selon des crit\u00e8res essentiels tels que les performances, la consommation, le confort et le co\u00fbt. Gr\u00e2ce \u00e0 une analyse simple et structur\u00e9e, vous pouvez identifier rapidement les points forts et les diff\u00e9rences afin de faire un choix \u00e9clair\u00e9, adapt\u00e9 \u00e0 vos besoins et [&hellip;]","og_url":"https:\/\/taschereaumotors.com\/en\/comparaison\/","og_site_name":"Taschereau Motors","article_publisher":"https:\/\/www.facebook.com\/p\/Taschereau-Motors-61569135128958\/?locale=fr_CA","article_modified_time":"2025-12-30T23:15:59+00:00","og_image":[{"width":2048,"height":1536,"url":"https:\/\/taschereaumotors.com\/wp-content\/uploads\/2025\/12\/fallback-hero-image.jpg","type":"image\/jpeg"}],"twitter_card":"summary_large_image","schema":{"@context":"https:\/\/schema.org","@graph":[{"@type":"WebPage","@id":"https:\/\/taschereaumotors.com\/comparaison\/","url":"https:\/\/taschereaumotors.com\/comparaison\/","name":"Comparaison | Taschereau Motors","isPartOf":{"@id":"https:\/\/taschereaumotors.com\/#website"},"datePublished":"2025-12-30T23:10:55+00:00","dateModified":"2025-12-30T23:15:59+00:00","breadcrumb":{"@id":"https:\/\/taschereaumotors.com\/comparaison\/#breadcrumb"},"inLanguage":"en-CA","potentialAction":[{"@type":"ReadAction","target":["https:\/\/taschereaumotors.com\/comparaison\/"]}]},{"@type":"BreadcrumbList","@id":"https:\/\/taschereaumotors.com\/comparaison\/#breadcrumb","itemListElement":[{"@type":"ListItem","position":1,"name":"Accueil","item":"https:\/\/taschereaumotors.com\/"},{"@type":"ListItem","position":2,"name":"Comparaison"}]},{"@type":"WebSite","@id":"https:\/\/taschereaumotors.com\/#website","url":"https:\/\/taschereaumotors.com\/","name":"Taschereau Motors","description":"Votre concessionnaire automobile de confiance","publisher":{"@id":"https:\/\/taschereaumotors.com\/#organization"},"potentialAction":[{"@type":"SearchAction","target":{"@type":"EntryPoint","urlTemplate":"https:\/\/taschereaumotors.com\/?s={search_term_string}"},"query-input":{"@type":"PropertyValueSpecification","valueRequired":true,"valueName":"search_term_string"}}],"inLanguage":"en-CA"},{"@type":"Organization","@id":"https:\/\/taschereaumotors.com\/#organization","name":"Taschereau Motors","url":"https:\/\/taschereaumotors.com\/","logo":{"@type":"ImageObject","inLanguage":"en-CA","@id":"https:\/\/taschereaumotors.com\/#\/schema\/logo\/image\/","url":"https:\/\/taschereaumotors.com\/wp-content\/uploads\/2025\/12\/logo-taschereau-motors.png","contentUrl":"https:\/\/taschereaumotors.com\/wp-content\/uploads\/2025\/12\/logo-taschereau-motors.png","width":600,"height":600,"caption":"Taschereau Motors"},"image":{"@id":"https:\/\/taschereaumotors.com\/#\/schema\/logo\/image\/"},"sameAs":["https:\/\/www.facebook.com\/p\/Taschereau-Motors-61569135128958\/?locale=fr_CA","https:\/\/www.instagram.com\/taschereaumotors\/"]}]}},"_hostinger_reach_plugin_has_subscription_block":false,"_hostinger_reach_plugin_is_elementor":false,"_links":{"self":[{"href":"https:\/\/taschereaumotors.com\/en\/wp-json\/wp\/v2\/pages\/5393","targetHints":{"allow":["GET"]}}],"collection":[{"href":"https:\/\/taschereaumotors.com\/en\/wp-json\/wp\/v2\/pages"}],"about":[{"href":"https:\/\/taschereaumotors.com\/en\/wp-json\/wp\/v2\/types\/page"}],"author":[{"embeddable":true,"href":"https:\/\/taschereaumotors.com\/en\/wp-json\/wp\/v2\/users\/1"}],"replies":[{"embeddable":true,"href":"https:\/\/taschereaumotors.com\/en\/wp-json\/wp\/v2\/comments?post=5393"}],"version-history":[{"count":4,"href":"https:\/\/taschereaumotors.com\/en\/wp-json\/wp\/v2\/pages\/5393\/revisions"}],"predecessor-version":[{"id":5397,"href":"https:\/\/taschereaumotors.com\/en\/wp-json\/wp\/v2\/pages\/5393\/revisions\/5397"}],"wp:attachment":[{"href":"https:\/\/taschereaumotors.com\/en\/wp-json\/wp\/v2\/media?parent=5393"}],"curies":[{"name":"wp","href":"https:\/\/api.w.org\/{rel}","templated":true}]}}